{"id":2596,"date":"2020-02-06T09:04:31","date_gmt":"2020-02-06T09:04:31","guid":{"rendered":"https:\/\/tekorycnc.com\/?post_type=product&#038;p=2596"},"modified":"2023-12-01T07:33:56","modified_gmt":"2023-12-01T07:33:56","slug":"yonglia1s","status":"publish","type":"product","link":"https:\/\/tekorycnc.com\/tr\/urun\/yonglia1s\/","title":{"rendered":"YONGLI A1s-70W CO2 Laser tube"},"content":{"rendered":"<h4><strong><b>YONGLI A1s-70w\u00a0 Glass Tube for CO2 Laser Engraving&amp;Cutting Machine<\/b><\/strong><\/h4>\n<p>YONGLI Adopts patented technology to modify the beam size and quality effectively that solves the beam distortion, increase the effective power. Inner lens upgraded. Stable on longtime working, lifespan is longer.<\/p>\n<table border=\"1\">\n<tbody>\n<tr>\n<th><strong>\u00d6m\u00fcr boyu<\/strong><\/th>\n<th>10,000 hours\u00a0<br style=\"font-weight: 400;\" \/>(= 8 saat\/g\u00fcn ve 5 g\u00fcn\/hafta \u00e7al\u0131\u015fan ma\u011fazalar i\u00e7in 4,8 y\u0131l).<\/th>\n<\/tr>\n<tr>\n<td>\u00a0<strong>Garanti<\/strong><\/td>\n<td>\u00a010 months<\/td>\n<\/tr>\n<tr>\n<td>\u00a0<strong>So\u011futma Tipi<\/strong><\/td>\n<td>\u00a0Su so\u011futma (\u00d6nerilen so\u011futucu:\u00a0<a style=\"font-size: 14px; color: #333333;\" href=\"https:\/\/tekorycnc.com\/tr\/urun\/water-chiller-cw5000\/\">S&amp;A CW5000<\/a>L\u00fctfen ar\u0131t\u0131lm\u0131\u015f \/ dam\u0131t\u0131lm\u0131\u015f su kullan\u0131n)<\/td>\n<\/tr>\n<tr>\n<td>\u00a0<strong>\u00c7al\u0131\u015fma Ortam\u0131<\/strong><\/td>\n<td>\u00a0s\u0131cakl\u0131k 2-40 \u2103; nem 10-60%<\/td>\n<\/tr>\n<tr>\n<td>\u00a0<strong>\u00c7al\u0131\u015fma Ak\u0131m\u0131<\/strong><\/td>\n<td>\u00a0Maximum 25mA.<br \/>\nThe running current must be kept below 18mA.<\/td>\n<\/tr>\n<\/tbody>\n<\/table>\n<p><img loading=\"lazy\" decoding=\"async\" src=\"https:\/\/tekorycnc.com\/wp-content\/uploads\/2020\/02\/YONGLIA1Si.jpg\" alt=\"\" width=\"780\" height=\"309\" \/><br \/>\n<img loading=\"lazy\" decoding=\"async\" src=\"https:\/\/tekorycnc.com\/wp-content\/uploads\/2020\/02\/CO2Lasertube-884x1024.gif\" alt=\"\" width=\"780\" height=\"904\" \/><br \/>\n<a>Notlar<\/a><\/p>\n<p>\u00c7\u0131k\u0131\u015f dul aynas\u0131n\u0131n d\u0131\u015f y\u00fczeyini tampon gibi aletlerle temizlemeyin; aksi takdirde \u00e7\u0131k\u0131\u015f g\u00fcc\u00fc ciddi \u015fekilde etkilenecektir. A\u015fa\u011f\u0131dakiler, pencere aynas\u0131n\u0131n d\u0131\u015f y\u00fczeyindeki kirlili\u011fi temizlemek i\u00e7in belirlenmi\u015f y\u00f6ntemlerdir.<\/p>\n<p>1) Ayna kirlendi\u011finde, lazeri a\u00e7may\u0131n.<br \/>\n2) Ayna y\u00fczeyini bir hava \u00fcfleyici ile yanlara do\u011fru \u00fcfleyin.<br \/>\n3) Saf alkol\u00fc p\u00fcsk\u00fcrt\u00fcc\u00fc ile ayna y\u00fczeyine p\u00fcsk\u00fcrt\u00fcn.<br \/>\n4) Alkol tamamen u\u00e7tuktan sonra lazeri a\u00e7\u0131n.<br \/>\n5) If the methods above don\u2019t work effectively, it is necessary to go after the professional workers to use tampon with alcohol to clean the mirror surface from middle to edge. The best solution is to prevent the window from being polluted.<strong> \u00a0<\/strong><\/p>\n<p><a>Quality Guarantee<\/a><\/p>\n<ol>\n<li>Within 180 days from ex-factory dated on the label, we guarantee free replacement if the rated power is less than 80% (testing must be under proper operation). The replacement will keep the same warranty policy(12months).<\/li>\n<li>From 6<sup>th<\/sup>month to the 12<sup>th<\/sup>\u00a0month dated on the tube label, we provide free replacement if the rated power is less than 70%(testing must be under proper operation). The replacement will keep the same warranty policy(12months).<\/li>\n<li>The damage or problem caused by incorrect operation will not be covered by warranty policy.<\/li>\n<\/ol>\n<p><a>Dikkat<\/a><\/p>\n<p>Aynan\u0131n aseton ile temizlenmesi yasakt\u0131r.<br \/>\nLazer t\u00fcp\u00fcn\u00fcn \u00f6n ve arka u\u00e7lar\u0131ndaki vidan\u0131n hareket ettirilmesine izin verilmez, aksi takdirde \u00e7\u0131k\u0131\u015f g\u00fcc\u00fc azal\u0131r, hatta lazer hurdaya \u00e7\u0131kar.<br \/>\nLazer noktas\u0131n\u0131 test ederken akrili \u00e7\u0131k\u0131\u015f aynas\u0131ndan 300 mm uza\u011fa koyun.<\/p>\n<p><a>G\u00fcvenlik<\/a><\/p>\n<p>Lazer \u0131\u015f\u0131n\u0131 g\u00f6r\u00fcnmez \u0131\u015f\u0131kt\u0131r. Lazerde hata ay\u0131klarken l\u00fctfen koruyucu g\u00f6zl\u00fck tak\u0131n. Pozitif kutup y\u00fcksek voltajdad\u0131r. G\u00fcvenlik i\u015faretlerine dikkat edin!<\/p>\n<p><a>Depolama ve Ta\u015f\u0131ma Gereksinimi<\/a><\/p>\n<p>Depolama ve nakliye durumunda so\u011futma s\u0131v\u0131s\u0131n\u0131 d\u00f6k\u00fcn ve \u00e7\u0131k\u0131\u015f terminalini toz ge\u00e7irmez plastik bir torba ile \u00f6rt\u00fcn. Depolama ortam\u0131 2-40\u00b0C, nem oran\u0131 10-60%'dir. Lazer t\u00fcp\u00fcn\u00fc orijinal \u015fekilde paketleyin.<\/p>\n<p><a>Yanl\u0131\u015f \u015fekilde \u00e7al\u0131\u015ft\u0131r\u0131lan t\u00fcpler garanti kapsam\u0131nda de\u011fildir.<\/a><br \/>\n<img loading=\"lazy\" decoding=\"async\" src=\"https:\/\/tekorycnc.com\/wp-content\/uploads\/2019\/12\/quality-guarrantee.gif\" alt=\"\" width=\"729\" height=\"76\" \/><\/p>","protected":false},"excerpt":{"rendered":"<p>Length=1100mm; Diameter=80mm<\/p>","protected":false},"featured_media":2599,"template":"","meta":[],"product_cat":[50],"product_tag":[],"class_list":{"0":"post-2596","1":"product","2":"type-product","3":"status-publish","4":"has-post-thumbnail","6":"product_cat-yongli","8":"first","9":"instock","10":"shipping-taxable","11":"purchasable","12":"product-type-simple"},"yoast_head":"<!-- This site is optimized with the Yoast SEO plugin v23.9 - https:\/\/yoast.com\/wordpress\/plugins\/seo\/ -->\n<title>YONGLI A1s-70W CO2 Laser tube - tekorycnc<\/title>\n<meta name=\"robots\" content=\"index, follow, max-snippet:-1, max-image-preview:large, max-video-preview:-1\" \/>\n<link rel=\"canonical\" href=\"https:\/\/tekorycnc.com\/tr\/urun\/yonglia1s\/\" \/>\n<meta property=\"og:locale\" content=\"tr_TR\" \/>\n<meta property=\"og:type\" content=\"article\" \/>\n<meta property=\"og:title\" content=\"YONGLI A1s-70W CO2 Laser tube - tekorycnc\" \/>\n<meta property=\"og:description\" content=\"Length=1100mm; Diameter=80mm\" \/>\n<meta property=\"og:url\" content=\"https:\/\/tekorycnc.com\/tr\/urun\/yonglia1s\/\" \/>\n<meta property=\"og:site_name\" content=\"tekorycnc\" \/>\n<meta property=\"article:modified_time\" content=\"2023-12-01T07:33:56+00:00\" \/>\n<meta property=\"og:image\" content=\"https:\/\/tekorycnc.com\/wp-content\/uploads\/2020\/02\/YONGLIA1S.jpg\" \/>\n\t<meta property=\"og:image:width\" content=\"602\" \/>\n\t<meta property=\"og:image:height\" content=\"603\" \/>\n\t<meta property=\"og:image:type\" content=\"image\/jpeg\" \/>\n<meta name=\"twitter:card\" content=\"summary_large_image\" \/>\n<meta name=\"twitter:label1\" content=\"Tahmini okuma s\u00fcresi\" \/>\n\t<meta name=\"twitter:data1\" content=\"3 dakika\" \/>\n<script type=\"application\/ld+json\" class=\"yoast-schema-graph\">{\"@context\":\"https:\/\/schema.org\",\"@graph\":[{\"@type\":\"WebPage\",\"@id\":\"https:\/\/tekorycnc.com\/product\/yonglia1s\/\",\"url\":\"https:\/\/tekorycnc.com\/product\/yonglia1s\/\",\"name\":\"YONGLI A1s-70W CO2 Laser tube - tekorycnc\",\"isPartOf\":{\"@id\":\"https:\/\/tekorycnc.com\/#website\"},\"primaryImageOfPage\":{\"@id\":\"https:\/\/tekorycnc.com\/product\/yonglia1s\/#primaryimage\"},\"image\":{\"@id\":\"https:\/\/tekorycnc.com\/product\/yonglia1s\/#primaryimage\"},\"thumbnailUrl\":\"https:\/\/tekorycnc.com\/wp-content\/uploads\/2020\/02\/YONGLIA1S.jpg\",\"datePublished\":\"2020-02-06T09:04:31+00:00\",\"dateModified\":\"2023-12-01T07:33:56+00:00\",\"breadcrumb\":{\"@id\":\"https:\/\/tekorycnc.com\/product\/yonglia1s\/#breadcrumb\"},\"inLanguage\":\"tr\",\"potentialAction\":[{\"@type\":\"ReadAction\",\"target\":[\"https:\/\/tekorycnc.com\/product\/yonglia1s\/\"]}]},{\"@type\":\"ImageObject\",\"inLanguage\":\"tr\",\"@id\":\"https:\/\/tekorycnc.com\/product\/yonglia1s\/#primaryimage\",\"url\":\"https:\/\/tekorycnc.com\/wp-content\/uploads\/2020\/02\/YONGLIA1S.jpg\",\"contentUrl\":\"https:\/\/tekorycnc.com\/wp-content\/uploads\/2020\/02\/YONGLIA1S.jpg\",\"width\":602,\"height\":603},{\"@type\":\"BreadcrumbList\",\"@id\":\"https:\/\/tekorycnc.com\/product\/yonglia1s\/#breadcrumb\",\"itemListElement\":[{\"@type\":\"ListItem\",\"position\":1,\"name\":\"Home\",\"item\":\"https:\/\/tekorycnc.com\/\"},{\"@type\":\"ListItem\",\"position\":2,\"name\":\"Shop\",\"item\":\"https:\/\/tekorycnc.com\/shop\/\"},{\"@type\":\"ListItem\",\"position\":3,\"name\":\"YONGLI A1s-70W CO2 Laser tube\"}]},{\"@type\":\"WebSite\",\"@id\":\"https:\/\/tekorycnc.com\/#website\",\"url\":\"https:\/\/tekorycnc.com\/\",\"name\":\"tekorycnc\",\"description\":\"tekorycnc\",\"potentialAction\":[{\"@type\":\"SearchAction\",\"target\":{\"@type\":\"EntryPoint\",\"urlTemplate\":\"https:\/\/tekorycnc.com\/?s={search_term_string}\"},\"query-input\":{\"@type\":\"PropertyValueSpecification\",\"valueRequired\":true,\"valueName\":\"search_term_string\"}}],\"inLanguage\":\"tr\"}]}<\/script>\n<!-- \/ Yoast SEO plugin. -->","yoast_head_json":{"title":"YONGLI A1s-70W CO2 Laser tube - tekorycnc","robots":{"index":"index","follow":"follow","max-snippet":"max-snippet:-1","max-image-preview":"max-image-preview:large","max-video-preview":"max-video-preview:-1"},"canonical":"https:\/\/tekorycnc.com\/tr\/urun\/yonglia1s\/","og_locale":"tr_TR","og_type":"article","og_title":"YONGLI A1s-70W CO2 Laser tube - tekorycnc","og_description":"Length=1100mm; Diameter=80mm","og_url":"https:\/\/tekorycnc.com\/tr\/urun\/yonglia1s\/","og_site_name":"tekorycnc","article_modified_time":"2023-12-01T07:33:56+00:00","og_image":[{"width":602,"height":603,"url":"https:\/\/tekorycnc.com\/wp-content\/uploads\/2020\/02\/YONGLIA1S.jpg","type":"image\/jpeg"}],"twitter_card":"summary_large_image","twitter_misc":{"Tahmini okuma s\u00fcresi":"3 dakika"},"schema":{"@context":"https:\/\/schema.org","@graph":[{"@type":"WebPage","@id":"https:\/\/tekorycnc.com\/product\/yonglia1s\/","url":"https:\/\/tekorycnc.com\/product\/yonglia1s\/","name":"YONGLI A1s-70W CO2 Laser tube - tekorycnc","isPartOf":{"@id":"https:\/\/tekorycnc.com\/#website"},"primaryImageOfPage":{"@id":"https:\/\/tekorycnc.com\/product\/yonglia1s\/#primaryimage"},"image":{"@id":"https:\/\/tekorycnc.com\/product\/yonglia1s\/#primaryimage"},"thumbnailUrl":"https:\/\/tekorycnc.com\/wp-content\/uploads\/2020\/02\/YONGLIA1S.jpg","datePublished":"2020-02-06T09:04:31+00:00","dateModified":"2023-12-01T07:33:56+00:00","breadcrumb":{"@id":"https:\/\/tekorycnc.com\/product\/yonglia1s\/#breadcrumb"},"inLanguage":"tr","potentialAction":[{"@type":"ReadAction","target":["https:\/\/tekorycnc.com\/product\/yonglia1s\/"]}]},{"@type":"ImageObject","inLanguage":"tr","@id":"https:\/\/tekorycnc.com\/product\/yonglia1s\/#primaryimage","url":"https:\/\/tekorycnc.com\/wp-content\/uploads\/2020\/02\/YONGLIA1S.jpg","contentUrl":"https:\/\/tekorycnc.com\/wp-content\/uploads\/2020\/02\/YONGLIA1S.jpg","width":602,"height":603},{"@type":"BreadcrumbList","@id":"https:\/\/tekorycnc.com\/product\/yonglia1s\/#breadcrumb","itemListElement":[{"@type":"ListItem","position":1,"name":"Home","item":"https:\/\/tekorycnc.com\/"},{"@type":"ListItem","position":2,"name":"Shop","item":"https:\/\/tekorycnc.com\/shop\/"},{"@type":"ListItem","position":3,"name":"YONGLI A1s-70W CO2 Laser tube"}]},{"@type":"WebSite","@id":"https:\/\/tekorycnc.com\/#website","url":"https:\/\/tekorycnc.com\/","name":"tekorycnc","description":"tekorycnc","potentialAction":[{"@type":"SearchAction","target":{"@type":"EntryPoint","urlTemplate":"https:\/\/tekorycnc.com\/?s={search_term_string}"},"query-input":{"@type":"PropertyValueSpecification","valueRequired":true,"valueName":"search_term_string"}}],"inLanguage":"tr"}]}},"_links":{"self":[{"href":"https:\/\/tekorycnc.com\/tr\/wp-json\/wp\/v2\/product\/2596","targetHints":{"allow":["GET"]}}],"collection":[{"href":"https:\/\/tekorycnc.com\/tr\/wp-json\/wp\/v2\/product"}],"about":[{"href":"https:\/\/tekorycnc.com\/tr\/wp-json\/wp\/v2\/types\/product"}],"wp:featuredmedia":[{"embeddable":true,"href":"https:\/\/tekorycnc.com\/tr\/wp-json\/wp\/v2\/media\/2599"}],"wp:attachment":[{"href":"https:\/\/tekorycnc.com\/tr\/wp-json\/wp\/v2\/media?parent=2596"}],"wp:term":[{"taxonomy":"product_cat","embeddable":true,"href":"https:\/\/tekorycnc.com\/tr\/wp-json\/wp\/v2\/product_cat?post=2596"},{"taxonomy":"product_tag","embeddable":true,"href":"https:\/\/tekorycnc.com\/tr\/wp-json\/wp\/v2\/product_tag?post=2596"}],"curies":[{"name":"wp","href":"https:\/\/api.w.org\/{rel}","templated":true}]}}