{"id":186,"date":"2013-06-07T11:02:31","date_gmt":"2013-06-07T11:02:31","guid":{"rendered":"http:\/\/demo.woothemes.com\/woocommerce\/?post_type=product&#038;p=47"},"modified":"2023-12-01T07:30:14","modified_gmt":"2023-12-01T07:30:14","slug":"focal-lens","status":"publish","type":"product","link":"https:\/\/tekorycnc.com\/tr\/urun\/fokal-lens\/","title":{"rendered":""},"content":{"rendered":"<h2>Y\u00fcksek Kaliteli CO2 ZnSe Odak Lensi Menisk\u00fcsTipi<\/h2>\n<p><img loading=\"lazy\" decoding=\"async\" src=\"https:\/\/tekorycnc.com\/wp-content\/uploads\/2013\/06\/focal-lens-1024x253.png\" alt=\"\" width=\"780\" height=\"193\" \/><\/p>\n<p>\u00c7inko Selenit (ZnSe), yayg\u0131n CO2 ileten malzemeler aras\u0131nda en d\u00fc\u015f\u00fck emilime sahiptir ve bu nedenle y\u00fcksek g\u00fc\u00e7l\u00fc uygulamalar i\u00e7in tercih edilen malzemedir.<\/p>\n<table border=\"1\">\n<tbody>\n<tr>\n<th>Malzeme<\/th>\n<th>Y\u00fcksek kaliteli ZnSe<\/th>\n<\/tr>\n<tr>\n<td>\u00a0<strong>Kaplama<\/strong><\/td>\n<td>\u00dcst\u00fcn \u00e7ift tarafl\u0131 Kat\u0131 Kaplama, silme direnci, uzun \u00f6m\u00fcr<\/td>\n<\/tr>\n<tr>\n<td>\u00a0<strong>\u00dcretim<br \/>\nTeknoloji<\/strong><\/td>\n<td>\u00a0Parlatma &gt; ta\u015flama i\u015flemleri &gt; y\u00fcksek s\u0131cakl\u0131kta ya\u015fland\u0131rma<\/td>\n<\/tr>\n<tr>\n<td>\u00a0<strong>Ge\u00e7irgenlik<\/strong><\/td>\n<td>\u00a099,5%'ye kadar<\/td>\n<\/tr>\n<tr>\n<td>\u00a0<strong>Uygulama<\/strong><\/td>\n<td>40W~150W CO2 lazer 10600nm\/ 10.6\u03bcm i\u00e7in<\/td>\n<\/tr>\n<tr>\n<td>\u00a0<strong>Boyut<\/strong><\/td>\n<td>T 2mm * D15mm\/ 18mm\/ 19.05mm \/ 20mm<\/td>\n<\/tr>\n<tr>\n<td><strong>Odak Uzakl\u0131\u011f\u0131<\/strong><\/td>\n<td>38,1 mm \/ 50,8 mm \/ 63,5 mm \/ 101,6 mm<\/td>\n<\/tr>\n<\/tbody>\n<\/table>\n<p><img loading=\"lazy\" decoding=\"async\" src=\"https:\/\/tekorycnc.com\/wp-content\/uploads\/2020\/02\/Hfocuslensspec.jpg\" alt=\"\" width=\"780\" height=\"487\" \/><br \/>\n<img loading=\"lazy\" decoding=\"async\" src=\"https:\/\/tekorycnc.com\/wp-content\/uploads\/2013\/06\/IMG_0422-1024x655.jpg\" alt=\"\" width=\"780\" height=\"499\" \/><br \/>\n<img loading=\"lazy\" decoding=\"async\" src=\"https:\/\/tekorycnc.com\/wp-content\/uploads\/2013\/06\/IMG_0434-1024x768.jpg\" alt=\"\" width=\"780\" height=\"585\" \/><br \/>\n<img loading=\"lazy\" decoding=\"async\" src=\"https:\/\/tekorycnc.com\/wp-content\/uploads\/2013\/06\/IMG_0409-2-1024x552.jpg\" alt=\"\" width=\"780\" height=\"420\" \/><br \/>\n<img loading=\"lazy\" decoding=\"async\" src=\"https:\/\/tekorycnc.com\/wp-content\/uploads\/2020\/02\/focallensspcnumber.png\" alt=\"\" width=\"780\" height=\"358\" \/><br \/>\n<img loading=\"lazy\" decoding=\"async\" src=\"https:\/\/tekorycnc.com\/wp-content\/uploads\/2013\/06\/focus_lens_2.jpg\" alt=\"\" width=\"640\" height=\"440\" \/><br \/>\n<img loading=\"lazy\" decoding=\"async\" src=\"https:\/\/tekorycnc.com\/wp-content\/uploads\/2013\/06\/focus_lens_3.jpg\" alt=\"\" width=\"640\" height=\"393\" \/><br \/>\n<img loading=\"lazy\" decoding=\"async\" src=\"https:\/\/tekorycnc.com\/wp-content\/uploads\/2013\/06\/Guarantee_2-1024x215.png\" alt=\"\" width=\"780\" height=\"164\" \/><\/p>","protected":false},"excerpt":{"rendered":"<p>ABD CVD Lens: D12\/15\/18\/19.05\/20mm &amp; FL38.1\/50.8\/63.5\/101.6mm<\/p>","protected":false},"featured_media":2942,"template":"","meta":[],"product_cat":[35,36,43],"product_tag":[],"class_list":{"0":"post-186","1":"product","2":"type-product","3":"status-publish","4":"has-post-thumbnail","6":"product_cat-co2-laser","7":"product_cat-co2-laser-optics","8":"product_cat-focal-lens","10":"first","11":"instock","12":"shipping-taxable","13":"purchasable","14":"product-type-variable","15":"has-default-attributes"},"yoast_head":"<!-- This site is optimized with the Yoast SEO plugin v23.9 - https:\/\/yoast.com\/wordpress\/plugins\/seo\/ -->\n<title>- tekorycnc<\/title>\n<meta name=\"robots\" content=\"index, follow, max-snippet:-1, max-image-preview:large, max-video-preview:-1\" \/>\n<link rel=\"canonical\" href=\"https:\/\/tekorycnc.com\/tr\/urun\/fokal-lens\/\" \/>\n<meta property=\"og:locale\" content=\"tr_TR\" \/>\n<meta property=\"og:type\" content=\"article\" \/>\n<meta property=\"og:title\" content=\"- tekorycnc\" \/>\n<meta property=\"og:description\" content=\"USA CVD Lens: D12\/15\/18\/19.05\/20mm &amp; FL38.1\/50.8\/63.5\/101.6mm\" \/>\n<meta property=\"og:url\" content=\"https:\/\/tekorycnc.com\/tr\/urun\/fokal-lens\/\" \/>\n<meta property=\"og:site_name\" content=\"tekorycnc\" \/>\n<meta property=\"article:modified_time\" content=\"2023-12-01T07:30:14+00:00\" \/>\n<meta property=\"og:image\" content=\"https:\/\/tekorycnc.com\/wp-content\/uploads\/2013\/06\/Hznsefocuslens.jpg.png\" \/>\n\t<meta property=\"og:image:width\" content=\"400\" \/>\n\t<meta property=\"og:image:height\" content=\"400\" \/>\n\t<meta property=\"og:image:type\" content=\"image\/png\" \/>\n<meta name=\"twitter:card\" content=\"summary_large_image\" \/>\n<meta name=\"twitter:label1\" content=\"Tahmini okuma s\u00fcresi\" \/>\n\t<meta name=\"twitter:data1\" content=\"3 dakika\" \/>\n<script type=\"application\/ld+json\" class=\"yoast-schema-graph\">{\"@context\":\"https:\/\/schema.org\",\"@graph\":[{\"@type\":\"WebPage\",\"@id\":\"https:\/\/tekorycnc.com\/product\/focal-lens\/\",\"url\":\"https:\/\/tekorycnc.com\/product\/focal-lens\/\",\"name\":\"- tekorycnc\",\"isPartOf\":{\"@id\":\"https:\/\/tekorycnc.com\/#website\"},\"primaryImageOfPage\":{\"@id\":\"https:\/\/tekorycnc.com\/product\/focal-lens\/#primaryimage\"},\"image\":{\"@id\":\"https:\/\/tekorycnc.com\/product\/focal-lens\/#primaryimage\"},\"thumbnailUrl\":\"https:\/\/tekorycnc.com\/wp-content\/uploads\/2013\/06\/Hznsefocuslens.jpg.png\",\"datePublished\":\"2013-06-07T11:02:31+00:00\",\"dateModified\":\"2023-12-01T07:30:14+00:00\",\"breadcrumb\":{\"@id\":\"https:\/\/tekorycnc.com\/product\/focal-lens\/#breadcrumb\"},\"inLanguage\":\"tr\",\"potentialAction\":[{\"@type\":\"ReadAction\",\"target\":[\"https:\/\/tekorycnc.com\/product\/focal-lens\/\"]}]},{\"@type\":\"ImageObject\",\"inLanguage\":\"tr\",\"@id\":\"https:\/\/tekorycnc.com\/product\/focal-lens\/#primaryimage\",\"url\":\"https:\/\/tekorycnc.com\/wp-content\/uploads\/2013\/06\/Hznsefocuslens.jpg.png\",\"contentUrl\":\"https:\/\/tekorycnc.com\/wp-content\/uploads\/2013\/06\/Hznsefocuslens.jpg.png\",\"width\":400,\"height\":400},{\"@type\":\"BreadcrumbList\",\"@id\":\"https:\/\/tekorycnc.com\/product\/focal-lens\/#breadcrumb\",\"itemListElement\":[{\"@type\":\"ListItem\",\"position\":1,\"name\":\"Home\",\"item\":\"https:\/\/tekorycnc.com\/\"},{\"@type\":\"ListItem\",\"position\":2,\"name\":\"Shop\",\"item\":\"https:\/\/tekorycnc.com\/shop\/\"}]},{\"@type\":\"WebSite\",\"@id\":\"https:\/\/tekorycnc.com\/#website\",\"url\":\"https:\/\/tekorycnc.com\/\",\"name\":\"tekorycnc\",\"description\":\"tekorycnc\",\"potentialAction\":[{\"@type\":\"SearchAction\",\"target\":{\"@type\":\"EntryPoint\",\"urlTemplate\":\"https:\/\/tekorycnc.com\/?s={search_term_string}\"},\"query-input\":{\"@type\":\"PropertyValueSpecification\",\"valueRequired\":true,\"valueName\":\"search_term_string\"}}],\"inLanguage\":\"tr\"}]}<\/script>\n<!-- \/ Yoast SEO plugin. -->","yoast_head_json":{"title":"- tekorycnc","robots":{"index":"index","follow":"follow","max-snippet":"max-snippet:-1","max-image-preview":"max-image-preview:large","max-video-preview":"max-video-preview:-1"},"canonical":"https:\/\/tekorycnc.com\/tr\/urun\/fokal-lens\/","og_locale":"tr_TR","og_type":"article","og_title":"- tekorycnc","og_description":"USA CVD Lens: D12\/15\/18\/19.05\/20mm &amp; FL38.1\/50.8\/63.5\/101.6mm","og_url":"https:\/\/tekorycnc.com\/tr\/urun\/fokal-lens\/","og_site_name":"tekorycnc","article_modified_time":"2023-12-01T07:30:14+00:00","og_image":[{"width":400,"height":400,"url":"https:\/\/tekorycnc.com\/wp-content\/uploads\/2013\/06\/Hznsefocuslens.jpg.png","type":"image\/png"}],"twitter_card":"summary_large_image","twitter_misc":{"Tahmini okuma s\u00fcresi":"3 dakika"},"schema":{"@context":"https:\/\/schema.org","@graph":[{"@type":"WebPage","@id":"https:\/\/tekorycnc.com\/product\/focal-lens\/","url":"https:\/\/tekorycnc.com\/product\/focal-lens\/","name":"- tekorycnc","isPartOf":{"@id":"https:\/\/tekorycnc.com\/#website"},"primaryImageOfPage":{"@id":"https:\/\/tekorycnc.com\/product\/focal-lens\/#primaryimage"},"image":{"@id":"https:\/\/tekorycnc.com\/product\/focal-lens\/#primaryimage"},"thumbnailUrl":"https:\/\/tekorycnc.com\/wp-content\/uploads\/2013\/06\/Hznsefocuslens.jpg.png","datePublished":"2013-06-07T11:02:31+00:00","dateModified":"2023-12-01T07:30:14+00:00","breadcrumb":{"@id":"https:\/\/tekorycnc.com\/product\/focal-lens\/#breadcrumb"},"inLanguage":"tr","potentialAction":[{"@type":"ReadAction","target":["https:\/\/tekorycnc.com\/product\/focal-lens\/"]}]},{"@type":"ImageObject","inLanguage":"tr","@id":"https:\/\/tekorycnc.com\/product\/focal-lens\/#primaryimage","url":"https:\/\/tekorycnc.com\/wp-content\/uploads\/2013\/06\/Hznsefocuslens.jpg.png","contentUrl":"https:\/\/tekorycnc.com\/wp-content\/uploads\/2013\/06\/Hznsefocuslens.jpg.png","width":400,"height":400},{"@type":"BreadcrumbList","@id":"https:\/\/tekorycnc.com\/product\/focal-lens\/#breadcrumb","itemListElement":[{"@type":"ListItem","position":1,"name":"Home","item":"https:\/\/tekorycnc.com\/"},{"@type":"ListItem","position":2,"name":"Shop","item":"https:\/\/tekorycnc.com\/shop\/"}]},{"@type":"WebSite","@id":"https:\/\/tekorycnc.com\/#website","url":"https:\/\/tekorycnc.com\/","name":"tekorycnc","description":"tekorycnc","potentialAction":[{"@type":"SearchAction","target":{"@type":"EntryPoint","urlTemplate":"https:\/\/tekorycnc.com\/?s={search_term_string}"},"query-input":{"@type":"PropertyValueSpecification","valueRequired":true,"valueName":"search_term_string"}}],"inLanguage":"tr"}]}},"_links":{"self":[{"href":"https:\/\/tekorycnc.com\/tr\/wp-json\/wp\/v2\/product\/186","targetHints":{"allow":["GET"]}}],"collection":[{"href":"https:\/\/tekorycnc.com\/tr\/wp-json\/wp\/v2\/product"}],"about":[{"href":"https:\/\/tekorycnc.com\/tr\/wp-json\/wp\/v2\/types\/product"}],"wp:featuredmedia":[{"embeddable":true,"href":"https:\/\/tekorycnc.com\/tr\/wp-json\/wp\/v2\/media\/2942"}],"wp:attachment":[{"href":"https:\/\/tekorycnc.com\/tr\/wp-json\/wp\/v2\/media?parent=186"}],"wp:term":[{"taxonomy":"product_cat","embeddable":true,"href":"https:\/\/tekorycnc.com\/tr\/wp-json\/wp\/v2\/product_cat?post=186"},{"taxonomy":"product_tag","embeddable":true,"href":"https:\/\/tekorycnc.com\/tr\/wp-json\/wp\/v2\/product_tag?post=186"}],"curies":[{"name":"wp","href":"https:\/\/api.w.org\/{rel}","templated":true}]}}