{"id":184,"date":"2013-06-07T10:53:15","date_gmt":"2013-06-07T10:53:15","guid":{"rendered":"http:\/\/demo.woothemes.com\/woocommerce\/?post_type=product&#038;p=37"},"modified":"2023-12-01T07:33:36","modified_gmt":"2023-12-01T07:33:36","slug":"reciw8","status":"publish","type":"product","link":"https:\/\/tekorycnc.com\/tr\/urun\/reciw8\/","title":{"rendered":"RECI W8-150W CO2 Lazer t\u00fcp\u00fc"},"content":{"rendered":"<h4><strong>RECI<b> CO2 Lazer Grav\u00fcr ve Kesme Makinesi i\u00e7in W8 150W Cam T\u00fcp<\/b><\/strong><\/h4>\n<p>RECI W serisi CO2 Cam lazer t\u00fcpleri \u00e7ok kararl\u0131 lazer g\u00fcc\u00fc \u00e7al\u0131\u015fma \u00f6zelli\u011fine sahiptir, co2 lazer markalama, kesme end\u00fcstrisi uygulamalar\u0131 i\u00e7in idealdir.<\/p>\n<table border=\"1\">\n<tbody>\n<tr>\n<th><strong>\u00d6m\u00fcr boyu<\/strong><\/th>\n<th>W8 Lazer t\u00fcp\u00fc 10.000 saattir\u00a0<br style=\"font-weight: 400;\" \/>(= 8 saat\/g\u00fcn ve 5 g\u00fcn\/hafta \u00e7al\u0131\u015fan ma\u011fazalar i\u00e7in 4,8 y\u0131l).<\/th>\n<\/tr>\n<tr>\n<td>\u00a0<strong>Garanti<\/strong><\/td>\n<td>\u00a012 ay<\/td>\n<\/tr>\n<tr>\n<td>\u00a0<strong>So\u011futma Tipi<\/strong><\/td>\n<td>\u00a0Water cooling ( Suggested chiller:\u00a0S&amp;A CW5200; Please use purified \/distilled\u00a0water)<\/td>\n<\/tr>\n<tr>\n<td>\u00a0<strong>\u00c7al\u0131\u015fma Ortam\u0131<\/strong><\/td>\n<td>\u00a0s\u0131cakl\u0131k 2-40 \u2103; nem 10-60%<\/td>\n<\/tr>\n<tr>\n<td>\u00a0<strong>\u00c7al\u0131\u015fma Ak\u0131m\u0131<\/strong><\/td>\n<td>\u00a0Maksimum 32mA.<br \/>\n\u00c7al\u0131\u015fma ak\u0131m\u0131 30mA'in alt\u0131nda tutulmal\u0131d\u0131r. 28mA'in alt\u0131nda tutulmas\u0131 \u00f6nerilir.<\/td>\n<\/tr>\n<\/tbody>\n<\/table>\n<p><img loading=\"lazy\" decoding=\"async\" src=\"https:\/\/tekorycnc.com\/wp-content\/uploads\/2013\/06\/RECIW8.jpg\" alt=\"\" width=\"780\" height=\"321\" \/><br \/>\n<img loading=\"lazy\" decoding=\"async\" src=\"https:\/\/tekorycnc.com\/wp-content\/uploads\/2013\/06\/CO2Lasertube2.gif\" alt=\"\" width=\"700\" height=\"751\" \/><br \/>\n<img loading=\"lazy\" decoding=\"async\" src=\"https:\/\/tekorycnc.com\/wp-content\/uploads\/2013\/06\/CO2Lasertubefull.gif\" alt=\"\" width=\"700\" height=\"1327\" \/><br \/>\n<a>Notlar<\/a><\/p>\n<p>\u00c7\u0131k\u0131\u015f dul aynas\u0131n\u0131n d\u0131\u015f y\u00fczeyini tampon gibi aletlerle temizlemeyin; aksi takdirde \u00e7\u0131k\u0131\u015f g\u00fcc\u00fc ciddi \u015fekilde etkilenecektir. A\u015fa\u011f\u0131dakiler, pencere aynas\u0131n\u0131n d\u0131\u015f y\u00fczeyindeki kirlili\u011fi temizlemek i\u00e7in belirlenmi\u015f y\u00f6ntemlerdir.<\/p>\n<p>1) Ayna kirlendi\u011finde, lazeri a\u00e7may\u0131n.<br \/>\n2) Ayna y\u00fczeyini bir hava \u00fcfleyici ile yanlara do\u011fru \u00fcfleyin.<br \/>\n3) Saf alkol\u00fc p\u00fcsk\u00fcrt\u00fcc\u00fc ile ayna y\u00fczeyine p\u00fcsk\u00fcrt\u00fcn.<br \/>\n4) Alkol tamamen u\u00e7tuktan sonra lazeri a\u00e7\u0131n.<br \/>\n5) If the methods above don\u2019t work effectively, it is necessary to go after the professional workers to use tampon with alcohol to clean the mirror surface from middle to edge. The best solution is to prevent the window from being polluted.<strong> \u00a0<\/strong><\/p>\n<p><a>Dikkat<\/a><\/p>\n<p>Aynan\u0131n aseton ile temizlenmesi yasakt\u0131r.<br \/>\nLazer t\u00fcp\u00fcn\u00fcn \u00f6n ve arka u\u00e7lar\u0131ndaki vidan\u0131n hareket ettirilmesine izin verilmez, aksi takdirde \u00e7\u0131k\u0131\u015f g\u00fcc\u00fc azal\u0131r, hatta lazer hurdaya \u00e7\u0131kar.<br \/>\nLazer noktas\u0131n\u0131 test ederken akrili \u00e7\u0131k\u0131\u015f aynas\u0131ndan 300 mm uza\u011fa koyun.<\/p>\n<p><a>G\u00fcvenlik<\/a><\/p>\n<p>Lazer \u0131\u015f\u0131n\u0131 g\u00f6r\u00fcnmez \u0131\u015f\u0131kt\u0131r. Lazerde hata ay\u0131klarken l\u00fctfen koruyucu g\u00f6zl\u00fck tak\u0131n. Pozitif kutup y\u00fcksek voltajdad\u0131r. G\u00fcvenlik i\u015faretlerine dikkat edin!<\/p>\n<p><a>Depolama ve Ta\u015f\u0131ma Gereksinimi<\/a><\/p>\n<p>Depolama ve nakliye durumunda so\u011futma s\u0131v\u0131s\u0131n\u0131 d\u00f6k\u00fcn ve \u00e7\u0131k\u0131\u015f terminalini toz ge\u00e7irmez plastik bir torba ile \u00f6rt\u00fcn. Depolama ortam\u0131 2-40\u00b0C, nem oran\u0131 10-60%'dir. Lazer t\u00fcp\u00fcn\u00fc orijinal \u015fekilde paketleyin.<\/p>\n<p><a>Yanl\u0131\u015f \u015fekilde \u00e7al\u0131\u015ft\u0131r\u0131lan t\u00fcpler garanti kapsam\u0131nda de\u011fildir.<\/a><br \/>\n<img loading=\"lazy\" decoding=\"async\" src=\"https:\/\/tekorycnc.com\/wp-content\/uploads\/2019\/12\/quality-guarrantee.gif\" alt=\"\" width=\"729\" height=\"76\" \/><\/p>","protected":false},"excerpt":{"rendered":"<p>Uzunluk=1850mm; \u00c7ap=90mm<\/p>","protected":false},"featured_media":2462,"template":"","meta":[],"product_cat":[49],"product_tag":[],"class_list":{"0":"post-184","1":"product","2":"type-product","3":"status-publish","4":"has-post-thumbnail","6":"product_cat-reci","8":"first","9":"instock","10":"shipping-taxable","11":"purchasable","12":"product-type-simple"},"yoast_head":"<!-- This site is optimized with the Yoast SEO plugin v23.9 - https:\/\/yoast.com\/wordpress\/plugins\/seo\/ -->\n<title>RECI W8-150W CO2 Laser tube - tekorycnc<\/title>\n<meta name=\"robots\" content=\"index, follow, max-snippet:-1, max-image-preview:large, max-video-preview:-1\" \/>\n<link rel=\"canonical\" href=\"https:\/\/tekorycnc.com\/tr\/urun\/reciw8\/\" \/>\n<meta property=\"og:locale\" content=\"tr_TR\" \/>\n<meta property=\"og:type\" content=\"article\" \/>\n<meta property=\"og:title\" content=\"RECI W8-150W CO2 Laser tube - tekorycnc\" \/>\n<meta property=\"og:description\" content=\"Length=1850mm; Diameter=90mm\" \/>\n<meta property=\"og:url\" content=\"https:\/\/tekorycnc.com\/tr\/urun\/reciw8\/\" \/>\n<meta property=\"og:site_name\" content=\"tekorycnc\" \/>\n<meta property=\"article:modified_time\" content=\"2023-12-01T07:33:36+00:00\" \/>\n<meta property=\"og:image\" content=\"https:\/\/tekorycnc.com\/wp-content\/uploads\/2013\/06\/CO2Lasertubereciw8.jpg\" \/>\n\t<meta property=\"og:image:width\" content=\"400\" \/>\n\t<meta property=\"og:image:height\" content=\"400\" \/>\n\t<meta property=\"og:image:type\" content=\"image\/jpeg\" \/>\n<meta name=\"twitter:card\" content=\"summary_large_image\" \/>\n<meta name=\"twitter:label1\" content=\"Tahmini okuma s\u00fcresi\" \/>\n\t<meta name=\"twitter:data1\" content=\"3 dakika\" \/>\n<script type=\"application\/ld+json\" class=\"yoast-schema-graph\">{\"@context\":\"https:\/\/schema.org\",\"@graph\":[{\"@type\":\"WebPage\",\"@id\":\"https:\/\/tekorycnc.com\/product\/reciw8\/\",\"url\":\"https:\/\/tekorycnc.com\/product\/reciw8\/\",\"name\":\"RECI W8-150W CO2 Laser tube - tekorycnc\",\"isPartOf\":{\"@id\":\"https:\/\/tekorycnc.com\/#website\"},\"primaryImageOfPage\":{\"@id\":\"https:\/\/tekorycnc.com\/product\/reciw8\/#primaryimage\"},\"image\":{\"@id\":\"https:\/\/tekorycnc.com\/product\/reciw8\/#primaryimage\"},\"thumbnailUrl\":\"https:\/\/tekorycnc.com\/wp-content\/uploads\/2013\/06\/CO2Lasertubereciw8.jpg\",\"datePublished\":\"2013-06-07T10:53:15+00:00\",\"dateModified\":\"2023-12-01T07:33:36+00:00\",\"breadcrumb\":{\"@id\":\"https:\/\/tekorycnc.com\/product\/reciw8\/#breadcrumb\"},\"inLanguage\":\"tr\",\"potentialAction\":[{\"@type\":\"ReadAction\",\"target\":[\"https:\/\/tekorycnc.com\/product\/reciw8\/\"]}]},{\"@type\":\"ImageObject\",\"inLanguage\":\"tr\",\"@id\":\"https:\/\/tekorycnc.com\/product\/reciw8\/#primaryimage\",\"url\":\"https:\/\/tekorycnc.com\/wp-content\/uploads\/2013\/06\/CO2Lasertubereciw8.jpg\",\"contentUrl\":\"https:\/\/tekorycnc.com\/wp-content\/uploads\/2013\/06\/CO2Lasertubereciw8.jpg\",\"width\":400,\"height\":400},{\"@type\":\"BreadcrumbList\",\"@id\":\"https:\/\/tekorycnc.com\/product\/reciw8\/#breadcrumb\",\"itemListElement\":[{\"@type\":\"ListItem\",\"position\":1,\"name\":\"Home\",\"item\":\"https:\/\/tekorycnc.com\/\"},{\"@type\":\"ListItem\",\"position\":2,\"name\":\"Shop\",\"item\":\"https:\/\/tekorycnc.com\/shop\/\"},{\"@type\":\"ListItem\",\"position\":3,\"name\":\"RECI W8-150W CO2 Laser tube\"}]},{\"@type\":\"WebSite\",\"@id\":\"https:\/\/tekorycnc.com\/#website\",\"url\":\"https:\/\/tekorycnc.com\/\",\"name\":\"tekorycnc\",\"description\":\"tekorycnc\",\"potentialAction\":[{\"@type\":\"SearchAction\",\"target\":{\"@type\":\"EntryPoint\",\"urlTemplate\":\"https:\/\/tekorycnc.com\/?s={search_term_string}\"},\"query-input\":{\"@type\":\"PropertyValueSpecification\",\"valueRequired\":true,\"valueName\":\"search_term_string\"}}],\"inLanguage\":\"tr\"}]}<\/script>\n<!-- \/ Yoast SEO plugin. -->","yoast_head_json":{"title":"RECI W8-150W CO2 Laser tube - tekorycnc","robots":{"index":"index","follow":"follow","max-snippet":"max-snippet:-1","max-image-preview":"max-image-preview:large","max-video-preview":"max-video-preview:-1"},"canonical":"https:\/\/tekorycnc.com\/tr\/urun\/reciw8\/","og_locale":"tr_TR","og_type":"article","og_title":"RECI W8-150W CO2 Laser tube - tekorycnc","og_description":"Length=1850mm; Diameter=90mm","og_url":"https:\/\/tekorycnc.com\/tr\/urun\/reciw8\/","og_site_name":"tekorycnc","article_modified_time":"2023-12-01T07:33:36+00:00","og_image":[{"width":400,"height":400,"url":"https:\/\/tekorycnc.com\/wp-content\/uploads\/2013\/06\/CO2Lasertubereciw8.jpg","type":"image\/jpeg"}],"twitter_card":"summary_large_image","twitter_misc":{"Tahmini okuma s\u00fcresi":"3 dakika"},"schema":{"@context":"https:\/\/schema.org","@graph":[{"@type":"WebPage","@id":"https:\/\/tekorycnc.com\/product\/reciw8\/","url":"https:\/\/tekorycnc.com\/product\/reciw8\/","name":"RECI W8-150W CO2 Laser tube - tekorycnc","isPartOf":{"@id":"https:\/\/tekorycnc.com\/#website"},"primaryImageOfPage":{"@id":"https:\/\/tekorycnc.com\/product\/reciw8\/#primaryimage"},"image":{"@id":"https:\/\/tekorycnc.com\/product\/reciw8\/#primaryimage"},"thumbnailUrl":"https:\/\/tekorycnc.com\/wp-content\/uploads\/2013\/06\/CO2Lasertubereciw8.jpg","datePublished":"2013-06-07T10:53:15+00:00","dateModified":"2023-12-01T07:33:36+00:00","breadcrumb":{"@id":"https:\/\/tekorycnc.com\/product\/reciw8\/#breadcrumb"},"inLanguage":"tr","potentialAction":[{"@type":"ReadAction","target":["https:\/\/tekorycnc.com\/product\/reciw8\/"]}]},{"@type":"ImageObject","inLanguage":"tr","@id":"https:\/\/tekorycnc.com\/product\/reciw8\/#primaryimage","url":"https:\/\/tekorycnc.com\/wp-content\/uploads\/2013\/06\/CO2Lasertubereciw8.jpg","contentUrl":"https:\/\/tekorycnc.com\/wp-content\/uploads\/2013\/06\/CO2Lasertubereciw8.jpg","width":400,"height":400},{"@type":"BreadcrumbList","@id":"https:\/\/tekorycnc.com\/product\/reciw8\/#breadcrumb","itemListElement":[{"@type":"ListItem","position":1,"name":"Home","item":"https:\/\/tekorycnc.com\/"},{"@type":"ListItem","position":2,"name":"Shop","item":"https:\/\/tekorycnc.com\/shop\/"},{"@type":"ListItem","position":3,"name":"RECI W8-150W CO2 Laser tube"}]},{"@type":"WebSite","@id":"https:\/\/tekorycnc.com\/#website","url":"https:\/\/tekorycnc.com\/","name":"tekorycnc","description":"tekorycnc","potentialAction":[{"@type":"SearchAction","target":{"@type":"EntryPoint","urlTemplate":"https:\/\/tekorycnc.com\/?s={search_term_string}"},"query-input":{"@type":"PropertyValueSpecification","valueRequired":true,"valueName":"search_term_string"}}],"inLanguage":"tr"}]}},"_links":{"self":[{"href":"https:\/\/tekorycnc.com\/tr\/wp-json\/wp\/v2\/product\/184","targetHints":{"allow":["GET"]}}],"collection":[{"href":"https:\/\/tekorycnc.com\/tr\/wp-json\/wp\/v2\/product"}],"about":[{"href":"https:\/\/tekorycnc.com\/tr\/wp-json\/wp\/v2\/types\/product"}],"wp:featuredmedia":[{"embeddable":true,"href":"https:\/\/tekorycnc.com\/tr\/wp-json\/wp\/v2\/media\/2462"}],"wp:attachment":[{"href":"https:\/\/tekorycnc.com\/tr\/wp-json\/wp\/v2\/media?parent=184"}],"wp:term":[{"taxonomy":"product_cat","embeddable":true,"href":"https:\/\/tekorycnc.com\/tr\/wp-json\/wp\/v2\/product_cat?post=184"},{"taxonomy":"product_tag","embeddable":true,"href":"https:\/\/tekorycnc.com\/tr\/wp-json\/wp\/v2\/product_tag?post=184"}],"curies":[{"name":"wp","href":"https:\/\/api.w.org\/{rel}","templated":true}]}}