{"id":2596,"date":"2020-02-06T09:04:31","date_gmt":"2020-02-06T09:04:31","guid":{"rendered":"https:\/\/tekorycnc.com\/?post_type=product&#038;p=2596"},"modified":"2023-12-01T07:33:56","modified_gmt":"2023-12-01T07:33:56","slug":"yonglia1s","status":"publish","type":"product","link":"https:\/\/tekorycnc.com\/sl\/izdelek\/yonglia1s\/","title":{"rendered":"YONGLI A1s-70W CO2 laserska cev"},"content":{"rendered":"<h4><strong><b>YONGLI A1s-70w\u00a0 Glass Tube for CO2 Laser Engraving&amp;Cutting Machine<\/b><\/strong><\/h4>\n<p>YONGLI Adopts patented technology to modify the beam size and quality effectively that solves the beam distortion, increase the effective power. Inner lens upgraded. Stable on longtime working, lifespan is longer.<\/p>\n<table border=\"1\">\n<tbody>\n<tr>\n<th><strong>Do\u017eivljenjski<\/strong><\/th>\n<th>10,000 hours\u00a0<br style=\"font-weight: 400;\" \/>(= 4,8 leta za trgovine, ki delajo 8 ur na dan in 5 dni na teden).<\/th>\n<\/tr>\n<tr>\n<td>\u00a0<strong>Garancija<\/strong><\/td>\n<td>\u00a010 months<\/td>\n<\/tr>\n<tr>\n<td>\u00a0<strong>Vrsta hlajenja<\/strong><\/td>\n<td>\u00a0Vodno hlajenje ( Predlagani hladilnik:\u00a0<a style=\"font-size: 14px; color: #333333;\" href=\"https:\/\/tekorycnc.com\/sl\/izdelek\/water-chiller-cw5000\/\">S&amp;A CW5000<\/a>; uporabite pre\u010di\u0161\u010deno\/destilirano vodo)<\/td>\n<\/tr>\n<tr>\n<td>\u00a0<strong>Delovno okolje<\/strong><\/td>\n<td>\u00a0temperatura 2-40 \u2103; vla\u017enost 10-60%<\/td>\n<\/tr>\n<tr>\n<td>\u00a0<strong>Delovni tok<\/strong><\/td>\n<td>\u00a0Maximum 25mA.<br \/>\nThe running current must be kept below 18mA.<\/td>\n<\/tr>\n<\/tbody>\n<\/table>\n<p><img loading=\"lazy\" decoding=\"async\" src=\"https:\/\/tekorycnc.com\/wp-content\/uploads\/2020\/02\/YONGLIA1Si.jpg\" alt=\"\" width=\"780\" height=\"309\" \/><br \/>\n<img loading=\"lazy\" decoding=\"async\" src=\"https:\/\/tekorycnc.com\/wp-content\/uploads\/2020\/02\/CO2Lasertube-884x1024.gif\" alt=\"\" width=\"780\" height=\"904\" \/><br \/>\n<a>Opombe<\/a><\/p>\n<p>Zunanje povr\u0161ine izhodnega zrcala ne \u010distite z orodji, kot je tampon, sicer bo to resno vplivalo na izhodno mo\u010d. V nadaljevanju so navedeni na\u010dini za \u010di\u0161\u010denje onesna\u017eenja na zunanji povr\u0161ini okenskega zrcala.<\/p>\n<p>1) \u010ce je ogledalo onesna\u017eeno, ne vklopite laserja.<br \/>\n2) Z zra\u010dnim pihalnikom odpihnite povr\u0161ino zrcala vstran.<br \/>\n3) Z razpr\u0161ilnikom razpr\u0161ite \u010disti alkohol na povr\u0161ino ogledala.<br \/>\n4) Ko alkohol popolnoma izhlapi, vklopite laser.<br \/>\n5) If the methods above don\u2019t work effectively, it is necessary to go after the professional workers to use tampon with alcohol to clean the mirror surface from middle to edge. The best solution is to prevent the window from being polluted.<strong> \u00a0<\/strong><\/p>\n<p><a>Quality Guarantee<\/a><\/p>\n<ol>\n<li>Within 180 days from ex-factory dated on the label, we guarantee free replacement if the rated power is less than 80% (testing must be under proper operation). The replacement will keep the same warranty policy(12months).<\/li>\n<li>From 6<sup>th<\/sup>month to the 12<sup>th<\/sup>\u00a0month dated on the tube label, we provide free replacement if the rated power is less than 70%(testing must be under proper operation). The replacement will keep the same warranty policy(12months).<\/li>\n<li>The damage or problem caused by incorrect operation will not be covered by warranty policy.<\/li>\n<\/ol>\n<p><a>Pozor,<\/a><\/p>\n<p>Ogledalo je prepovedano \u010distiti z acetonom.<br \/>\nVijaka na sprednjem in zadnjem koncu laserske cevi ni dovoljeno premikati, sicer se bo mo\u010d zmanj\u0161ala, celo laser bo razrezan.<br \/>\nPri testiranju laserske to\u010dke postavite akril 300 mm stran od izhodnega zrcala.<\/p>\n<p><a>Varnost<\/a><\/p>\n<p>Laserski \u017earek je nevidna svetloba. Pri odpravljanju napak na laserju nosite za\u0161\u010ditna o\u010dala. Pozitivni pol je pod visoko napetostjo. Bodite pozorni na varnostne oznake!<\/p>\n<p><a>Zahteve za skladi\u0161\u010denje in prevoz<\/a><\/p>\n<p>Pri skladi\u0161\u010denju in prevozu izlijte hladilno teko\u010dino in izhodni terminal pokrijte s plasti\u010dno vre\u010dko, odporno na prah. Okolje za shranjevanje je 2-40 \u2103, vla\u017enost 10-60%. Lasersko cev zapakirajte na izviren na\u010din.<\/p>\n<p><a>Za cevi, ki delujejo na napa\u010den na\u010din, ne velja garancija.<\/a><br \/>\n<img loading=\"lazy\" decoding=\"async\" src=\"https:\/\/tekorycnc.com\/wp-content\/uploads\/2019\/12\/quality-guarrantee.gif\" alt=\"\" width=\"729\" height=\"76\" \/><\/p>","protected":false},"excerpt":{"rendered":"<p>Length=1100mm; Diameter=80mm<\/p>","protected":false},"featured_media":2599,"template":"","meta":[],"product_cat":[50],"product_tag":[],"class_list":{"0":"post-2596","1":"product","2":"type-product","3":"status-publish","4":"has-post-thumbnail","6":"product_cat-yongli","8":"first","9":"instock","10":"shipping-taxable","11":"purchasable","12":"product-type-simple"},"yoast_head":"<!-- This site is optimized with the Yoast SEO plugin v23.9 - https:\/\/yoast.com\/wordpress\/plugins\/seo\/ -->\n<title>YONGLI A1s-70W CO2 Laser tube - tekorycnc<\/title>\n<meta name=\"robots\" content=\"index, follow, max-snippet:-1, max-image-preview:large, max-video-preview:-1\" \/>\n<link rel=\"canonical\" href=\"https:\/\/tekorycnc.com\/sl\/izdelek\/yonglia1s\/\" \/>\n<meta property=\"og:locale\" content=\"sl_SI\" \/>\n<meta property=\"og:type\" content=\"article\" \/>\n<meta property=\"og:title\" content=\"YONGLI A1s-70W CO2 Laser tube - tekorycnc\" \/>\n<meta property=\"og:description\" content=\"Length=1100mm; Diameter=80mm\" \/>\n<meta property=\"og:url\" content=\"https:\/\/tekorycnc.com\/sl\/izdelek\/yonglia1s\/\" \/>\n<meta property=\"og:site_name\" content=\"tekorycnc\" \/>\n<meta property=\"article:modified_time\" content=\"2023-12-01T07:33:56+00:00\" \/>\n<meta property=\"og:image\" content=\"https:\/\/tekorycnc.com\/wp-content\/uploads\/2020\/02\/YONGLIA1S.jpg\" \/>\n\t<meta property=\"og:image:width\" content=\"602\" \/>\n\t<meta property=\"og:image:height\" content=\"603\" \/>\n\t<meta property=\"og:image:type\" content=\"image\/jpeg\" \/>\n<meta name=\"twitter:card\" content=\"summary_large_image\" \/>\n<meta name=\"twitter:label1\" content=\"Est. reading time\" \/>\n\t<meta name=\"twitter:data1\" content=\"3 minute\" \/>\n<script type=\"application\/ld+json\" class=\"yoast-schema-graph\">{\"@context\":\"https:\/\/schema.org\",\"@graph\":[{\"@type\":\"WebPage\",\"@id\":\"https:\/\/tekorycnc.com\/product\/yonglia1s\/\",\"url\":\"https:\/\/tekorycnc.com\/product\/yonglia1s\/\",\"name\":\"YONGLI A1s-70W CO2 Laser tube - tekorycnc\",\"isPartOf\":{\"@id\":\"https:\/\/tekorycnc.com\/#website\"},\"primaryImageOfPage\":{\"@id\":\"https:\/\/tekorycnc.com\/product\/yonglia1s\/#primaryimage\"},\"image\":{\"@id\":\"https:\/\/tekorycnc.com\/product\/yonglia1s\/#primaryimage\"},\"thumbnailUrl\":\"https:\/\/tekorycnc.com\/wp-content\/uploads\/2020\/02\/YONGLIA1S.jpg\",\"datePublished\":\"2020-02-06T09:04:31+00:00\",\"dateModified\":\"2023-12-01T07:33:56+00:00\",\"breadcrumb\":{\"@id\":\"https:\/\/tekorycnc.com\/product\/yonglia1s\/#breadcrumb\"},\"inLanguage\":\"sl-SI\",\"potentialAction\":[{\"@type\":\"ReadAction\",\"target\":[\"https:\/\/tekorycnc.com\/product\/yonglia1s\/\"]}]},{\"@type\":\"ImageObject\",\"inLanguage\":\"sl-SI\",\"@id\":\"https:\/\/tekorycnc.com\/product\/yonglia1s\/#primaryimage\",\"url\":\"https:\/\/tekorycnc.com\/wp-content\/uploads\/2020\/02\/YONGLIA1S.jpg\",\"contentUrl\":\"https:\/\/tekorycnc.com\/wp-content\/uploads\/2020\/02\/YONGLIA1S.jpg\",\"width\":602,\"height\":603},{\"@type\":\"BreadcrumbList\",\"@id\":\"https:\/\/tekorycnc.com\/product\/yonglia1s\/#breadcrumb\",\"itemListElement\":[{\"@type\":\"ListItem\",\"position\":1,\"name\":\"Home\",\"item\":\"https:\/\/tekorycnc.com\/\"},{\"@type\":\"ListItem\",\"position\":2,\"name\":\"Shop\",\"item\":\"https:\/\/tekorycnc.com\/shop\/\"},{\"@type\":\"ListItem\",\"position\":3,\"name\":\"YONGLI A1s-70W CO2 Laser tube\"}]},{\"@type\":\"WebSite\",\"@id\":\"https:\/\/tekorycnc.com\/#website\",\"url\":\"https:\/\/tekorycnc.com\/\",\"name\":\"tekorycnc\",\"description\":\"tekorycnc\",\"potentialAction\":[{\"@type\":\"SearchAction\",\"target\":{\"@type\":\"EntryPoint\",\"urlTemplate\":\"https:\/\/tekorycnc.com\/?s={search_term_string}\"},\"query-input\":{\"@type\":\"PropertyValueSpecification\",\"valueRequired\":true,\"valueName\":\"search_term_string\"}}],\"inLanguage\":\"sl-SI\"}]}<\/script>\n<!-- \/ Yoast SEO plugin. -->","yoast_head_json":{"title":"YONGLI A1s-70W CO2 Laser tube - tekorycnc","robots":{"index":"index","follow":"follow","max-snippet":"max-snippet:-1","max-image-preview":"max-image-preview:large","max-video-preview":"max-video-preview:-1"},"canonical":"https:\/\/tekorycnc.com\/sl\/izdelek\/yonglia1s\/","og_locale":"sl_SI","og_type":"article","og_title":"YONGLI A1s-70W CO2 Laser tube - tekorycnc","og_description":"Length=1100mm; Diameter=80mm","og_url":"https:\/\/tekorycnc.com\/sl\/izdelek\/yonglia1s\/","og_site_name":"tekorycnc","article_modified_time":"2023-12-01T07:33:56+00:00","og_image":[{"width":602,"height":603,"url":"https:\/\/tekorycnc.com\/wp-content\/uploads\/2020\/02\/YONGLIA1S.jpg","type":"image\/jpeg"}],"twitter_card":"summary_large_image","twitter_misc":{"Est. reading time":"3 minute"},"schema":{"@context":"https:\/\/schema.org","@graph":[{"@type":"WebPage","@id":"https:\/\/tekorycnc.com\/product\/yonglia1s\/","url":"https:\/\/tekorycnc.com\/product\/yonglia1s\/","name":"YONGLI A1s-70W CO2 Laser tube - tekorycnc","isPartOf":{"@id":"https:\/\/tekorycnc.com\/#website"},"primaryImageOfPage":{"@id":"https:\/\/tekorycnc.com\/product\/yonglia1s\/#primaryimage"},"image":{"@id":"https:\/\/tekorycnc.com\/product\/yonglia1s\/#primaryimage"},"thumbnailUrl":"https:\/\/tekorycnc.com\/wp-content\/uploads\/2020\/02\/YONGLIA1S.jpg","datePublished":"2020-02-06T09:04:31+00:00","dateModified":"2023-12-01T07:33:56+00:00","breadcrumb":{"@id":"https:\/\/tekorycnc.com\/product\/yonglia1s\/#breadcrumb"},"inLanguage":"sl-SI","potentialAction":[{"@type":"ReadAction","target":["https:\/\/tekorycnc.com\/product\/yonglia1s\/"]}]},{"@type":"ImageObject","inLanguage":"sl-SI","@id":"https:\/\/tekorycnc.com\/product\/yonglia1s\/#primaryimage","url":"https:\/\/tekorycnc.com\/wp-content\/uploads\/2020\/02\/YONGLIA1S.jpg","contentUrl":"https:\/\/tekorycnc.com\/wp-content\/uploads\/2020\/02\/YONGLIA1S.jpg","width":602,"height":603},{"@type":"BreadcrumbList","@id":"https:\/\/tekorycnc.com\/product\/yonglia1s\/#breadcrumb","itemListElement":[{"@type":"ListItem","position":1,"name":"Home","item":"https:\/\/tekorycnc.com\/"},{"@type":"ListItem","position":2,"name":"Shop","item":"https:\/\/tekorycnc.com\/shop\/"},{"@type":"ListItem","position":3,"name":"YONGLI A1s-70W CO2 Laser tube"}]},{"@type":"WebSite","@id":"https:\/\/tekorycnc.com\/#website","url":"https:\/\/tekorycnc.com\/","name":"tekorycnc","description":"tekorycnc","potentialAction":[{"@type":"SearchAction","target":{"@type":"EntryPoint","urlTemplate":"https:\/\/tekorycnc.com\/?s={search_term_string}"},"query-input":{"@type":"PropertyValueSpecification","valueRequired":true,"valueName":"search_term_string"}}],"inLanguage":"sl-SI"}]}},"_links":{"self":[{"href":"https:\/\/tekorycnc.com\/sl\/wp-json\/wp\/v2\/product\/2596","targetHints":{"allow":["GET"]}}],"collection":[{"href":"https:\/\/tekorycnc.com\/sl\/wp-json\/wp\/v2\/product"}],"about":[{"href":"https:\/\/tekorycnc.com\/sl\/wp-json\/wp\/v2\/types\/product"}],"wp:featuredmedia":[{"embeddable":true,"href":"https:\/\/tekorycnc.com\/sl\/wp-json\/wp\/v2\/media\/2599"}],"wp:attachment":[{"href":"https:\/\/tekorycnc.com\/sl\/wp-json\/wp\/v2\/media?parent=2596"}],"wp:term":[{"taxonomy":"product_cat","embeddable":true,"href":"https:\/\/tekorycnc.com\/sl\/wp-json\/wp\/v2\/product_cat?post=2596"},{"taxonomy":"product_tag","embeddable":true,"href":"https:\/\/tekorycnc.com\/sl\/wp-json\/wp\/v2\/product_tag?post=2596"}],"curies":[{"name":"wp","href":"https:\/\/api.w.org\/{rel}","templated":true}]}}