{"id":184,"date":"2013-06-07T10:53:15","date_gmt":"2013-06-07T10:53:15","guid":{"rendered":"http:\/\/demo.woothemes.com\/woocommerce\/?post_type=product&#038;p=37"},"modified":"2023-12-01T07:33:36","modified_gmt":"2023-12-01T07:33:36","slug":"reciw8","status":"publish","type":"product","link":"https:\/\/tekorycnc.com\/sl\/izdelek\/reciw8\/","title":{"rendered":"RECI W8-150W CO2 laserska cev"},"content":{"rendered":"<h4><strong>RECI<b> W8 150W steklena cev za CO2 laserski stroj za graviranje in rezanje<\/b><\/strong><\/h4>\n<p>RECI W serijske CO2 steklene laserske cevi imajo zelo stabilno lasersko mo\u010d in so idealne za lasersko ozna\u010devanje s CO2, rezanje in uporabo v industriji.<\/p>\n<table border=\"1\">\n<tbody>\n<tr>\n<th><strong>Do\u017eivljenjski<\/strong><\/th>\n<th>Laserska cev W8 ima 10.000 ur\u00a0<br style=\"font-weight: 400;\" \/>(= 4,8 leta za trgovine, ki delajo 8 ur na dan in 5 dni na teden).<\/th>\n<\/tr>\n<tr>\n<td>\u00a0<strong>Garancija<\/strong><\/td>\n<td>\u00a012 mesecev<\/td>\n<\/tr>\n<tr>\n<td>\u00a0<strong>Vrsta hlajenja<\/strong><\/td>\n<td>\u00a0Water cooling ( Suggested chiller:\u00a0S&amp;A CW5200; Please use purified \/distilled\u00a0water)<\/td>\n<\/tr>\n<tr>\n<td>\u00a0<strong>Delovno okolje<\/strong><\/td>\n<td>\u00a0temperatura 2-40 \u2103; vla\u017enost 10-60%<\/td>\n<\/tr>\n<tr>\n<td>\u00a0<strong>Delovni tok<\/strong><\/td>\n<td>\u00a0Najve\u010d 32 mA.<br \/>\nTeko\u010di tok mora biti manj\u0161i od 30 mA. Predlagamo, da je manj\u0161i od 28 mA.<\/td>\n<\/tr>\n<\/tbody>\n<\/table>\n<p><img loading=\"lazy\" decoding=\"async\" src=\"https:\/\/tekorycnc.com\/wp-content\/uploads\/2013\/06\/RECIW8.jpg\" alt=\"\" width=\"780\" height=\"321\" \/><br \/>\n<img loading=\"lazy\" decoding=\"async\" src=\"https:\/\/tekorycnc.com\/wp-content\/uploads\/2013\/06\/CO2Lasertube2.gif\" alt=\"\" width=\"700\" height=\"751\" \/><br \/>\n<img loading=\"lazy\" decoding=\"async\" src=\"https:\/\/tekorycnc.com\/wp-content\/uploads\/2013\/06\/CO2Lasertubefull.gif\" alt=\"\" width=\"700\" height=\"1327\" \/><br \/>\n<a>Opombe<\/a><\/p>\n<p>Zunanje povr\u0161ine izhodnega zrcala ne \u010distite z orodji, kot je tampon, sicer bo to resno vplivalo na izhodno mo\u010d. V nadaljevanju so navedeni na\u010dini za \u010di\u0161\u010denje onesna\u017eenja na zunanji povr\u0161ini okenskega zrcala.<\/p>\n<p>1) \u010ce je ogledalo onesna\u017eeno, ne vklopite laserja.<br \/>\n2) Z zra\u010dnim pihalnikom odpihnite povr\u0161ino zrcala vstran.<br \/>\n3) Z razpr\u0161ilnikom razpr\u0161ite \u010disti alkohol na povr\u0161ino ogledala.<br \/>\n4) Ko alkohol popolnoma izhlapi, vklopite laser.<br \/>\n5) If the methods above don\u2019t work effectively, it is necessary to go after the professional workers to use tampon with alcohol to clean the mirror surface from middle to edge. The best solution is to prevent the window from being polluted.<strong> \u00a0<\/strong><\/p>\n<p><a>Pozor,<\/a><\/p>\n<p>Ogledalo je prepovedano \u010distiti z acetonom.<br \/>\nVijaka na sprednjem in zadnjem koncu laserske cevi ni dovoljeno premikati, sicer se bo mo\u010d zmanj\u0161ala, celo laser bo razrezan.<br \/>\nPri testiranju laserske to\u010dke postavite akril 300 mm stran od izhodnega zrcala.<\/p>\n<p><a>Varnost<\/a><\/p>\n<p>Laserski \u017earek je nevidna svetloba. Pri odpravljanju napak na laserju nosite za\u0161\u010ditna o\u010dala. Pozitivni pol je pod visoko napetostjo. Bodite pozorni na varnostne oznake!<\/p>\n<p><a>Zahteve za skladi\u0161\u010denje in prevoz<\/a><\/p>\n<p>Pri skladi\u0161\u010denju in prevozu izlijte hladilno teko\u010dino in izhodni terminal pokrijte s plasti\u010dno vre\u010dko, odporno na prah. Okolje za shranjevanje je 2-40 \u2103, vla\u017enost 10-60%. Lasersko cev zapakirajte na izviren na\u010din.<\/p>\n<p><a>Za cevi, ki delujejo na napa\u010den na\u010din, ne velja garancija.<\/a><br \/>\n<img loading=\"lazy\" decoding=\"async\" src=\"https:\/\/tekorycnc.com\/wp-content\/uploads\/2019\/12\/quality-guarrantee.gif\" alt=\"\" width=\"729\" height=\"76\" \/><\/p>","protected":false},"excerpt":{"rendered":"<p>Dol\u017eina = 1850 mm; premer = 90 mm<\/p>","protected":false},"featured_media":2462,"template":"","meta":[],"product_cat":[49],"product_tag":[],"class_list":{"0":"post-184","1":"product","2":"type-product","3":"status-publish","4":"has-post-thumbnail","6":"product_cat-reci","8":"first","9":"instock","10":"shipping-taxable","11":"purchasable","12":"product-type-simple"},"yoast_head":"<!-- This site is optimized with the Yoast SEO plugin v23.9 - https:\/\/yoast.com\/wordpress\/plugins\/seo\/ -->\n<title>RECI W8-150W CO2 Laser tube - tekorycnc<\/title>\n<meta name=\"robots\" content=\"index, follow, max-snippet:-1, max-image-preview:large, max-video-preview:-1\" \/>\n<link rel=\"canonical\" href=\"https:\/\/tekorycnc.com\/sl\/izdelek\/reciw8\/\" \/>\n<meta property=\"og:locale\" content=\"sl_SI\" \/>\n<meta property=\"og:type\" content=\"article\" \/>\n<meta property=\"og:title\" content=\"RECI W8-150W CO2 Laser tube - tekorycnc\" \/>\n<meta property=\"og:description\" content=\"Length=1850mm; Diameter=90mm\" \/>\n<meta property=\"og:url\" content=\"https:\/\/tekorycnc.com\/sl\/izdelek\/reciw8\/\" \/>\n<meta property=\"og:site_name\" content=\"tekorycnc\" \/>\n<meta property=\"article:modified_time\" content=\"2023-12-01T07:33:36+00:00\" \/>\n<meta property=\"og:image\" content=\"https:\/\/tekorycnc.com\/wp-content\/uploads\/2013\/06\/CO2Lasertubereciw8.jpg\" \/>\n\t<meta property=\"og:image:width\" content=\"400\" \/>\n\t<meta property=\"og:image:height\" content=\"400\" \/>\n\t<meta property=\"og:image:type\" content=\"image\/jpeg\" \/>\n<meta name=\"twitter:card\" content=\"summary_large_image\" \/>\n<meta name=\"twitter:label1\" content=\"Est. reading time\" \/>\n\t<meta name=\"twitter:data1\" content=\"3 minute\" \/>\n<script type=\"application\/ld+json\" class=\"yoast-schema-graph\">{\"@context\":\"https:\/\/schema.org\",\"@graph\":[{\"@type\":\"WebPage\",\"@id\":\"https:\/\/tekorycnc.com\/product\/reciw8\/\",\"url\":\"https:\/\/tekorycnc.com\/product\/reciw8\/\",\"name\":\"RECI W8-150W CO2 Laser tube - tekorycnc\",\"isPartOf\":{\"@id\":\"https:\/\/tekorycnc.com\/#website\"},\"primaryImageOfPage\":{\"@id\":\"https:\/\/tekorycnc.com\/product\/reciw8\/#primaryimage\"},\"image\":{\"@id\":\"https:\/\/tekorycnc.com\/product\/reciw8\/#primaryimage\"},\"thumbnailUrl\":\"https:\/\/tekorycnc.com\/wp-content\/uploads\/2013\/06\/CO2Lasertubereciw8.jpg\",\"datePublished\":\"2013-06-07T10:53:15+00:00\",\"dateModified\":\"2023-12-01T07:33:36+00:00\",\"breadcrumb\":{\"@id\":\"https:\/\/tekorycnc.com\/product\/reciw8\/#breadcrumb\"},\"inLanguage\":\"sl-SI\",\"potentialAction\":[{\"@type\":\"ReadAction\",\"target\":[\"https:\/\/tekorycnc.com\/product\/reciw8\/\"]}]},{\"@type\":\"ImageObject\",\"inLanguage\":\"sl-SI\",\"@id\":\"https:\/\/tekorycnc.com\/product\/reciw8\/#primaryimage\",\"url\":\"https:\/\/tekorycnc.com\/wp-content\/uploads\/2013\/06\/CO2Lasertubereciw8.jpg\",\"contentUrl\":\"https:\/\/tekorycnc.com\/wp-content\/uploads\/2013\/06\/CO2Lasertubereciw8.jpg\",\"width\":400,\"height\":400},{\"@type\":\"BreadcrumbList\",\"@id\":\"https:\/\/tekorycnc.com\/product\/reciw8\/#breadcrumb\",\"itemListElement\":[{\"@type\":\"ListItem\",\"position\":1,\"name\":\"Home\",\"item\":\"https:\/\/tekorycnc.com\/\"},{\"@type\":\"ListItem\",\"position\":2,\"name\":\"Shop\",\"item\":\"https:\/\/tekorycnc.com\/shop\/\"},{\"@type\":\"ListItem\",\"position\":3,\"name\":\"RECI W8-150W CO2 Laser tube\"}]},{\"@type\":\"WebSite\",\"@id\":\"https:\/\/tekorycnc.com\/#website\",\"url\":\"https:\/\/tekorycnc.com\/\",\"name\":\"tekorycnc\",\"description\":\"tekorycnc\",\"potentialAction\":[{\"@type\":\"SearchAction\",\"target\":{\"@type\":\"EntryPoint\",\"urlTemplate\":\"https:\/\/tekorycnc.com\/?s={search_term_string}\"},\"query-input\":{\"@type\":\"PropertyValueSpecification\",\"valueRequired\":true,\"valueName\":\"search_term_string\"}}],\"inLanguage\":\"sl-SI\"}]}<\/script>\n<!-- \/ Yoast SEO plugin. -->","yoast_head_json":{"title":"RECI W8-150W CO2 Laser tube - tekorycnc","robots":{"index":"index","follow":"follow","max-snippet":"max-snippet:-1","max-image-preview":"max-image-preview:large","max-video-preview":"max-video-preview:-1"},"canonical":"https:\/\/tekorycnc.com\/sl\/izdelek\/reciw8\/","og_locale":"sl_SI","og_type":"article","og_title":"RECI W8-150W CO2 Laser tube - tekorycnc","og_description":"Length=1850mm; Diameter=90mm","og_url":"https:\/\/tekorycnc.com\/sl\/izdelek\/reciw8\/","og_site_name":"tekorycnc","article_modified_time":"2023-12-01T07:33:36+00:00","og_image":[{"width":400,"height":400,"url":"https:\/\/tekorycnc.com\/wp-content\/uploads\/2013\/06\/CO2Lasertubereciw8.jpg","type":"image\/jpeg"}],"twitter_card":"summary_large_image","twitter_misc":{"Est. reading time":"3 minute"},"schema":{"@context":"https:\/\/schema.org","@graph":[{"@type":"WebPage","@id":"https:\/\/tekorycnc.com\/product\/reciw8\/","url":"https:\/\/tekorycnc.com\/product\/reciw8\/","name":"RECI W8-150W CO2 Laser tube - tekorycnc","isPartOf":{"@id":"https:\/\/tekorycnc.com\/#website"},"primaryImageOfPage":{"@id":"https:\/\/tekorycnc.com\/product\/reciw8\/#primaryimage"},"image":{"@id":"https:\/\/tekorycnc.com\/product\/reciw8\/#primaryimage"},"thumbnailUrl":"https:\/\/tekorycnc.com\/wp-content\/uploads\/2013\/06\/CO2Lasertubereciw8.jpg","datePublished":"2013-06-07T10:53:15+00:00","dateModified":"2023-12-01T07:33:36+00:00","breadcrumb":{"@id":"https:\/\/tekorycnc.com\/product\/reciw8\/#breadcrumb"},"inLanguage":"sl-SI","potentialAction":[{"@type":"ReadAction","target":["https:\/\/tekorycnc.com\/product\/reciw8\/"]}]},{"@type":"ImageObject","inLanguage":"sl-SI","@id":"https:\/\/tekorycnc.com\/product\/reciw8\/#primaryimage","url":"https:\/\/tekorycnc.com\/wp-content\/uploads\/2013\/06\/CO2Lasertubereciw8.jpg","contentUrl":"https:\/\/tekorycnc.com\/wp-content\/uploads\/2013\/06\/CO2Lasertubereciw8.jpg","width":400,"height":400},{"@type":"BreadcrumbList","@id":"https:\/\/tekorycnc.com\/product\/reciw8\/#breadcrumb","itemListElement":[{"@type":"ListItem","position":1,"name":"Home","item":"https:\/\/tekorycnc.com\/"},{"@type":"ListItem","position":2,"name":"Shop","item":"https:\/\/tekorycnc.com\/shop\/"},{"@type":"ListItem","position":3,"name":"RECI W8-150W CO2 Laser tube"}]},{"@type":"WebSite","@id":"https:\/\/tekorycnc.com\/#website","url":"https:\/\/tekorycnc.com\/","name":"tekorycnc","description":"tekorycnc","potentialAction":[{"@type":"SearchAction","target":{"@type":"EntryPoint","urlTemplate":"https:\/\/tekorycnc.com\/?s={search_term_string}"},"query-input":{"@type":"PropertyValueSpecification","valueRequired":true,"valueName":"search_term_string"}}],"inLanguage":"sl-SI"}]}},"_links":{"self":[{"href":"https:\/\/tekorycnc.com\/sl\/wp-json\/wp\/v2\/product\/184","targetHints":{"allow":["GET"]}}],"collection":[{"href":"https:\/\/tekorycnc.com\/sl\/wp-json\/wp\/v2\/product"}],"about":[{"href":"https:\/\/tekorycnc.com\/sl\/wp-json\/wp\/v2\/types\/product"}],"wp:featuredmedia":[{"embeddable":true,"href":"https:\/\/tekorycnc.com\/sl\/wp-json\/wp\/v2\/media\/2462"}],"wp:attachment":[{"href":"https:\/\/tekorycnc.com\/sl\/wp-json\/wp\/v2\/media?parent=184"}],"wp:term":[{"taxonomy":"product_cat","embeddable":true,"href":"https:\/\/tekorycnc.com\/sl\/wp-json\/wp\/v2\/product_cat?post=184"},{"taxonomy":"product_tag","embeddable":true,"href":"https:\/\/tekorycnc.com\/sl\/wp-json\/wp\/v2\/product_tag?post=184"}],"curies":[{"name":"wp","href":"https:\/\/api.w.org\/{rel}","templated":true}]}}