{"id":3622,"date":"2020-02-23T06:16:47","date_gmt":"2020-02-23T06:16:47","guid":{"rendered":"https:\/\/tekorycnc.com\/?post_type=product&#038;p=3622"},"modified":"2020-02-23T06:48:16","modified_gmt":"2020-02-23T06:48:16","slug":"sensor-cable","status":"publish","type":"product","link":"https:\/\/tekorycnc.com\/lv\/products\/sensor-cable\/","title":{"rendered":"\u0160\u0137iedras l\u0101zera sensora kabelis"},"content":{"rendered":"<p><img loading=\"lazy\" decoding=\"async\" width=\"780\" height=\"165\" src=\"https:\/\/tekorycnc.com\/wp-content\/uploads\/2013\/06\/\u8868\u5934-1024x216.png\" alt=\"\" \/>\t\t\t\t\t\t\t\t\t\t\t<\/p>\n<h2>\u0160\u0137iedras l\u0101zera sensora kabelis<\/h2>\n<p>\t\t&nbsp;<\/p>\n<table border=\"1\">\n<tbody>\n<tr>\n<th><strong>Length<\/strong><\/th>\n<th>140 mm \/ 190mm (SMA &#8211; SMB)\n<\/th>\n<\/tr>\n<tr>\n<td>\u00a0<strong>Thread<\/strong><\/td>\n<td>\u00a0M4<\/td>\n<\/tr>\n<tr>\n<td>\u00a0<b>Materi\u0101ls<\/b><\/td>\n<td>15mm<\/td>\n<\/tr>\n<tr>\n<td>\u00a0<b>Application<\/b><\/td>\n<td>Transform signals from Nozzle to the laser controller<\/td>\n<\/tr>\n<tr>\n<td><strong>Compatibility<\/strong><\/td>\n<td>\u00a0Compatible with original Raytools, Precitec, WSX cutting heads<\/td>\n<\/tr>\n<\/tbody>\n<\/table>\n<p>\t\t\t\t\t\t\t\t\t\t<img loading=\"lazy\" decoding=\"async\" width=\"780\" height=\"37\" src=\"https:\/\/tekorycnc.com\/wp-content\/uploads\/2013\/06\/description.png\" alt=\"\" \/><br \/>\n\t\t\t\t\t\t\t\t\t\t<img loading=\"lazy\" decoding=\"async\" width=\"780\" height=\"493\" src=\"https:\/\/tekorycnc.com\/wp-content\/uploads\/2020\/02\/sensorcable1.png\" alt=\"\" \/><br \/>\n\t\t\t\t\t\t\t\t\t\t<img loading=\"lazy\" decoding=\"async\" width=\"780\" height=\"468\" src=\"https:\/\/tekorycnc.com\/wp-content\/uploads\/2020\/02\/sensorcable2.png\" alt=\"\" \/><br \/>\n\t\t\t\t\t\t\t\t\t\t<img loading=\"lazy\" decoding=\"async\" width=\"780\" height=\"61\" src=\"https:\/\/tekorycnc.com\/wp-content\/uploads\/2013\/06\/QW-1024x80.png\" alt=\"\" \/><\/p>","protected":false},"excerpt":{"rendered":"<p>Compatible with Raytools \/Precitec\/WSX series cutting heads<\/p>","protected":false},"featured_media":3645,"template":"","meta":[],"product_cat":[19],"product_tag":[],"class_list":{"0":"post-3622","1":"product","2":"type-product","3":"status-publish","4":"has-post-thumbnail","6":"product_cat-fibre-laser","8":"first","9":"instock","10":"featured","11":"shipping-taxable","12":"purchasable","13":"product-type-variable","14":"has-default-attributes"},"yoast_head":"<!-- This site is optimized with the Yoast SEO plugin v23.9 - https:\/\/yoast.com\/wordpress\/plugins\/seo\/ -->\n<title>Fiber Laser Sensor Cable - tekorycnc<\/title>\n<meta name=\"robots\" content=\"index, follow, max-snippet:-1, max-image-preview:large, max-video-preview:-1\" \/>\n<link rel=\"canonical\" href=\"https:\/\/tekorycnc.com\/lv\/products\/sensor-cable\/\" \/>\n<meta property=\"og:locale\" content=\"lv_LV\" \/>\n<meta property=\"og:type\" content=\"article\" \/>\n<meta property=\"og:title\" content=\"Fiber Laser Sensor Cable - tekorycnc\" \/>\n<meta property=\"og:description\" content=\"Compatible with Raytools \/Precitec\/WSX series cutting heads\" \/>\n<meta property=\"og:url\" content=\"https:\/\/tekorycnc.com\/lv\/products\/sensor-cable\/\" \/>\n<meta property=\"og:site_name\" content=\"tekorycnc\" \/>\n<meta property=\"article:modified_time\" content=\"2020-02-23T06:48:16+00:00\" \/>\n<meta property=\"og:image\" content=\"https:\/\/tekorycnc.com\/wp-content\/uploads\/2020\/02\/sensorcable.png\" \/>\n\t<meta property=\"og:image:width\" content=\"400\" \/>\n\t<meta property=\"og:image:height\" content=\"400\" \/>\n\t<meta property=\"og:image:type\" content=\"image\/png\" \/>\n<meta name=\"twitter:card\" content=\"summary_large_image\" \/>\n<script type=\"application\/ld+json\" class=\"yoast-schema-graph\">{\"@context\":\"https:\/\/schema.org\",\"@graph\":[{\"@type\":\"WebPage\",\"@id\":\"https:\/\/tekorycnc.com\/product\/sensor-cable\/\",\"url\":\"https:\/\/tekorycnc.com\/product\/sensor-cable\/\",\"name\":\"Fiber Laser Sensor Cable - tekorycnc\",\"isPartOf\":{\"@id\":\"https:\/\/tekorycnc.com\/#website\"},\"primaryImageOfPage\":{\"@id\":\"https:\/\/tekorycnc.com\/product\/sensor-cable\/#primaryimage\"},\"image\":{\"@id\":\"https:\/\/tekorycnc.com\/product\/sensor-cable\/#primaryimage\"},\"thumbnailUrl\":\"https:\/\/tekorycnc.com\/wp-content\/uploads\/2020\/02\/sensorcable.png\",\"datePublished\":\"2020-02-23T06:16:47+00:00\",\"dateModified\":\"2020-02-23T06:48:16+00:00\",\"breadcrumb\":{\"@id\":\"https:\/\/tekorycnc.com\/product\/sensor-cable\/#breadcrumb\"},\"inLanguage\":\"lv-LV\",\"potentialAction\":[{\"@type\":\"ReadAction\",\"target\":[\"https:\/\/tekorycnc.com\/product\/sensor-cable\/\"]}]},{\"@type\":\"ImageObject\",\"inLanguage\":\"lv-LV\",\"@id\":\"https:\/\/tekorycnc.com\/product\/sensor-cable\/#primaryimage\",\"url\":\"https:\/\/tekorycnc.com\/wp-content\/uploads\/2020\/02\/sensorcable.png\",\"contentUrl\":\"https:\/\/tekorycnc.com\/wp-content\/uploads\/2020\/02\/sensorcable.png\",\"width\":400,\"height\":400},{\"@type\":\"BreadcrumbList\",\"@id\":\"https:\/\/tekorycnc.com\/product\/sensor-cable\/#breadcrumb\",\"itemListElement\":[{\"@type\":\"ListItem\",\"position\":1,\"name\":\"Home\",\"item\":\"https:\/\/tekorycnc.com\/\"},{\"@type\":\"ListItem\",\"position\":2,\"name\":\"Shop\",\"item\":\"https:\/\/tekorycnc.com\/shop\/\"},{\"@type\":\"ListItem\",\"position\":3,\"name\":\"Fiber Laser Sensor Cable\"}]},{\"@type\":\"WebSite\",\"@id\":\"https:\/\/tekorycnc.com\/#website\",\"url\":\"https:\/\/tekorycnc.com\/\",\"name\":\"tekorycnc\",\"description\":\"tekorycnc\",\"potentialAction\":[{\"@type\":\"SearchAction\",\"target\":{\"@type\":\"EntryPoint\",\"urlTemplate\":\"https:\/\/tekorycnc.com\/?s={search_term_string}\"},\"query-input\":{\"@type\":\"PropertyValueSpecification\",\"valueRequired\":true,\"valueName\":\"search_term_string\"}}],\"inLanguage\":\"lv-LV\"}]}<\/script>\n<!-- \/ Yoast SEO plugin. -->","yoast_head_json":{"title":"Fiber Laser Sensor Cable - tekorycnc","robots":{"index":"index","follow":"follow","max-snippet":"max-snippet:-1","max-image-preview":"max-image-preview:large","max-video-preview":"max-video-preview:-1"},"canonical":"https:\/\/tekorycnc.com\/lv\/products\/sensor-cable\/","og_locale":"lv_LV","og_type":"article","og_title":"Fiber Laser Sensor Cable - tekorycnc","og_description":"Compatible with Raytools \/Precitec\/WSX series cutting heads","og_url":"https:\/\/tekorycnc.com\/lv\/products\/sensor-cable\/","og_site_name":"tekorycnc","article_modified_time":"2020-02-23T06:48:16+00:00","og_image":[{"width":400,"height":400,"url":"https:\/\/tekorycnc.com\/wp-content\/uploads\/2020\/02\/sensorcable.png","type":"image\/png"}],"twitter_card":"summary_large_image","schema":{"@context":"https:\/\/schema.org","@graph":[{"@type":"WebPage","@id":"https:\/\/tekorycnc.com\/product\/sensor-cable\/","url":"https:\/\/tekorycnc.com\/product\/sensor-cable\/","name":"Fiber Laser Sensor Cable - tekorycnc","isPartOf":{"@id":"https:\/\/tekorycnc.com\/#website"},"primaryImageOfPage":{"@id":"https:\/\/tekorycnc.com\/product\/sensor-cable\/#primaryimage"},"image":{"@id":"https:\/\/tekorycnc.com\/product\/sensor-cable\/#primaryimage"},"thumbnailUrl":"https:\/\/tekorycnc.com\/wp-content\/uploads\/2020\/02\/sensorcable.png","datePublished":"2020-02-23T06:16:47+00:00","dateModified":"2020-02-23T06:48:16+00:00","breadcrumb":{"@id":"https:\/\/tekorycnc.com\/product\/sensor-cable\/#breadcrumb"},"inLanguage":"lv-LV","potentialAction":[{"@type":"ReadAction","target":["https:\/\/tekorycnc.com\/product\/sensor-cable\/"]}]},{"@type":"ImageObject","inLanguage":"lv-LV","@id":"https:\/\/tekorycnc.com\/product\/sensor-cable\/#primaryimage","url":"https:\/\/tekorycnc.com\/wp-content\/uploads\/2020\/02\/sensorcable.png","contentUrl":"https:\/\/tekorycnc.com\/wp-content\/uploads\/2020\/02\/sensorcable.png","width":400,"height":400},{"@type":"BreadcrumbList","@id":"https:\/\/tekorycnc.com\/product\/sensor-cable\/#breadcrumb","itemListElement":[{"@type":"ListItem","position":1,"name":"Home","item":"https:\/\/tekorycnc.com\/"},{"@type":"ListItem","position":2,"name":"Shop","item":"https:\/\/tekorycnc.com\/shop\/"},{"@type":"ListItem","position":3,"name":"Fiber Laser Sensor Cable"}]},{"@type":"WebSite","@id":"https:\/\/tekorycnc.com\/#website","url":"https:\/\/tekorycnc.com\/","name":"tekorycnc","description":"tekorycnc","potentialAction":[{"@type":"SearchAction","target":{"@type":"EntryPoint","urlTemplate":"https:\/\/tekorycnc.com\/?s={search_term_string}"},"query-input":{"@type":"PropertyValueSpecification","valueRequired":true,"valueName":"search_term_string"}}],"inLanguage":"lv-LV"}]}},"_links":{"self":[{"href":"https:\/\/tekorycnc.com\/lv\/wp-json\/wp\/v2\/product\/3622","targetHints":{"allow":["GET"]}}],"collection":[{"href":"https:\/\/tekorycnc.com\/lv\/wp-json\/wp\/v2\/product"}],"about":[{"href":"https:\/\/tekorycnc.com\/lv\/wp-json\/wp\/v2\/types\/product"}],"wp:featuredmedia":[{"embeddable":true,"href":"https:\/\/tekorycnc.com\/lv\/wp-json\/wp\/v2\/media\/3645"}],"wp:attachment":[{"href":"https:\/\/tekorycnc.com\/lv\/wp-json\/wp\/v2\/media?parent=3622"}],"wp:term":[{"taxonomy":"product_cat","embeddable":true,"href":"https:\/\/tekorycnc.com\/lv\/wp-json\/wp\/v2\/product_cat?post=3622"},{"taxonomy":"product_tag","embeddable":true,"href":"https:\/\/tekorycnc.com\/lv\/wp-json\/wp\/v2\/product_tag?post=3622"}],"curies":[{"name":"wp","href":"https:\/\/api.w.org\/{rel}","templated":true}]}}