{"id":3017,"date":"2020-02-11T08:08:53","date_gmt":"2020-02-11T08:08:53","guid":{"rendered":"https:\/\/tekorycnc.com\/?post_type=product&#038;p=3017"},"modified":"2023-12-01T07:31:24","modified_gmt":"2023-12-01T07:31:24","slug":"dm542","status":"publish","type":"product","link":"https:\/\/tekorycnc.com\/hu\/termek\/dm542\/","title":{"rendered":"LeadShine DM542 2-f\u00e1zis\u00fa l\u00e9ptet\u0151 meghajt\u00f3"},"content":{"rendered":"<h2>CO2 Laser Beam Combiner Lens<\/h2>\n<p>The beam combiner is located between the laser tube and the first mirror. It allows both the laser beam coming from the laser tube and the red light pointer to pass through and reach the first mirror.<\/p>\n<table border=\"1\">\n<tbody>\n<tr>\n<th>Anyag<\/th>\n<th>CVD ZnSe<\/th>\n<\/tr>\n<tr>\n<td>\u00a0<strong>Bevonat<\/strong><\/td>\n<td>S1:AR\u00a0at\u00a010.6\u00a0um,\u00a0S2:HRat\u00a0500-700nm<\/td>\n<\/tr>\n<tr>\n<td><strong> Bevelling<\/strong><\/td>\n<td>&lt;0.2&#215;45\u00b0<\/td>\n<\/tr>\n<tr>\n<td>\u00a0<strong>Clear Aperture<\/strong><\/td>\n<td>&gt;90%<\/td>\n<\/tr>\n<tr>\n<td>\u00a0<strong>Centration<\/strong><\/td>\n<td>&lt;3&#8242;<\/td>\n<\/tr>\n<tr>\n<td>\u00a0<strong>Dimenzi\u00f3<\/strong><\/td>\n<td>T 2mm * D20mm \/ 25mm<\/td>\n<\/tr>\n<tr>\n<td><strong>Wavelength<\/strong><\/td>\n<td>40W~150W CO2 l\u00e9zerhez 10600nm\/ 10.6\u03bcm 10600nm\/ 10.6\u03bcm<\/td>\n<\/tr>\n<\/tbody>\n<\/table>\n<p><img loading=\"lazy\" decoding=\"async\" src=\"https:\/\/tekorycnc.com\/wp-content\/uploads\/2020\/02\/beamcombinerinstruct.png\" alt=\"\" width=\"780\" height=\"348\" \/><br \/>\n<img loading=\"lazy\" decoding=\"async\" src=\"https:\/\/tekorycnc.com\/wp-content\/uploads\/2020\/02\/beamcombiner1.png\" alt=\"\" width=\"780\" height=\"511\" \/><br \/>\n<img loading=\"lazy\" decoding=\"async\" src=\"https:\/\/tekorycnc.com\/wp-content\/uploads\/2020\/02\/pac.jpg\" alt=\"\" width=\"780\" height=\"501\" \/><br \/>\n<img loading=\"lazy\" decoding=\"async\" src=\"https:\/\/tekorycnc.com\/wp-content\/uploads\/2013\/06\/Guarantee_2-1024x215.png\" alt=\"\" width=\"780\" height=\"164\" \/><\/p>","protected":false},"excerpt":{"rendered":"<p>Diameter=20mm \/ 25mm, thickness=2mm<\/p>","protected":false},"featured_media":2998,"template":"","meta":[],"product_cat":[41],"product_tag":[],"class_list":{"0":"post-3017","1":"product","2":"type-product","3":"status-publish","4":"has-post-thumbnail","6":"product_cat-electronic-parts","8":"first","9":"instock","10":"shipping-taxable","11":"purchasable","12":"product-type-variable","13":"has-default-attributes"},"yoast_head":"<!-- This site is optimized with the Yoast SEO plugin v23.9 - https:\/\/yoast.com\/wordpress\/plugins\/seo\/ -->\n<title>LeadShine DM542 2-Phase stepper Driver - tekorycnc<\/title>\n<meta name=\"robots\" content=\"index, follow, max-snippet:-1, max-image-preview:large, max-video-preview:-1\" \/>\n<link rel=\"canonical\" href=\"https:\/\/tekorycnc.com\/hu\/termek\/dm542\/\" \/>\n<meta property=\"og:locale\" content=\"hu_HU\" \/>\n<meta property=\"og:type\" content=\"article\" \/>\n<meta property=\"og:title\" content=\"LeadShine DM542 2-Phase stepper Driver - tekorycnc\" \/>\n<meta property=\"og:description\" content=\"Diameter=20mm \/ 25mm, thickness=2mm\" \/>\n<meta property=\"og:url\" content=\"https:\/\/tekorycnc.com\/hu\/termek\/dm542\/\" \/>\n<meta property=\"og:site_name\" content=\"tekorycnc\" \/>\n<meta property=\"article:modified_time\" content=\"2023-12-01T07:31:24+00:00\" \/>\n<meta property=\"og:image\" content=\"https:\/\/tekorycnc.com\/wp-content\/uploads\/2020\/02\/beamcombiner.png\" \/>\n\t<meta property=\"og:image:width\" content=\"400\" \/>\n\t<meta property=\"og:image:height\" content=\"400\" \/>\n\t<meta property=\"og:image:type\" content=\"image\/png\" \/>\n<meta name=\"twitter:card\" content=\"summary_large_image\" \/>\n<meta name=\"twitter:label1\" content=\"Becs\u00fclt olvas\u00e1si id\u0151\" \/>\n\t<meta name=\"twitter:data1\" content=\"2 perc\" \/>\n<script type=\"application\/ld+json\" class=\"yoast-schema-graph\">{\"@context\":\"https:\/\/schema.org\",\"@graph\":[{\"@type\":\"WebPage\",\"@id\":\"https:\/\/tekorycnc.com\/product\/dm542\/\",\"url\":\"https:\/\/tekorycnc.com\/product\/dm542\/\",\"name\":\"LeadShine DM542 2-Phase stepper Driver - tekorycnc\",\"isPartOf\":{\"@id\":\"https:\/\/tekorycnc.com\/#website\"},\"primaryImageOfPage\":{\"@id\":\"https:\/\/tekorycnc.com\/product\/dm542\/#primaryimage\"},\"image\":{\"@id\":\"https:\/\/tekorycnc.com\/product\/dm542\/#primaryimage\"},\"thumbnailUrl\":\"https:\/\/tekorycnc.com\/wp-content\/uploads\/2020\/02\/beamcombiner.png\",\"datePublished\":\"2020-02-11T08:08:53+00:00\",\"dateModified\":\"2023-12-01T07:31:24+00:00\",\"breadcrumb\":{\"@id\":\"https:\/\/tekorycnc.com\/product\/dm542\/#breadcrumb\"},\"inLanguage\":\"hu\",\"potentialAction\":[{\"@type\":\"ReadAction\",\"target\":[\"https:\/\/tekorycnc.com\/product\/dm542\/\"]}]},{\"@type\":\"ImageObject\",\"inLanguage\":\"hu\",\"@id\":\"https:\/\/tekorycnc.com\/product\/dm542\/#primaryimage\",\"url\":\"https:\/\/tekorycnc.com\/wp-content\/uploads\/2020\/02\/beamcombiner.png\",\"contentUrl\":\"https:\/\/tekorycnc.com\/wp-content\/uploads\/2020\/02\/beamcombiner.png\",\"width\":400,\"height\":400},{\"@type\":\"BreadcrumbList\",\"@id\":\"https:\/\/tekorycnc.com\/product\/dm542\/#breadcrumb\",\"itemListElement\":[{\"@type\":\"ListItem\",\"position\":1,\"name\":\"Home\",\"item\":\"https:\/\/tekorycnc.com\/\"},{\"@type\":\"ListItem\",\"position\":2,\"name\":\"Shop\",\"item\":\"https:\/\/tekorycnc.com\/shop\/\"},{\"@type\":\"ListItem\",\"position\":3,\"name\":\"LeadShine DM542 2-Phase stepper Driver\"}]},{\"@type\":\"WebSite\",\"@id\":\"https:\/\/tekorycnc.com\/#website\",\"url\":\"https:\/\/tekorycnc.com\/\",\"name\":\"tekorycnc\",\"description\":\"tekorycnc\",\"potentialAction\":[{\"@type\":\"SearchAction\",\"target\":{\"@type\":\"EntryPoint\",\"urlTemplate\":\"https:\/\/tekorycnc.com\/?s={search_term_string}\"},\"query-input\":{\"@type\":\"PropertyValueSpecification\",\"valueRequired\":true,\"valueName\":\"search_term_string\"}}],\"inLanguage\":\"hu\"}]}<\/script>\n<!-- \/ Yoast SEO plugin. -->","yoast_head_json":{"title":"LeadShine DM542 2-Phase stepper Driver - tekorycnc","robots":{"index":"index","follow":"follow","max-snippet":"max-snippet:-1","max-image-preview":"max-image-preview:large","max-video-preview":"max-video-preview:-1"},"canonical":"https:\/\/tekorycnc.com\/hu\/termek\/dm542\/","og_locale":"hu_HU","og_type":"article","og_title":"LeadShine DM542 2-Phase stepper Driver - tekorycnc","og_description":"Diameter=20mm \/ 25mm, thickness=2mm","og_url":"https:\/\/tekorycnc.com\/hu\/termek\/dm542\/","og_site_name":"tekorycnc","article_modified_time":"2023-12-01T07:31:24+00:00","og_image":[{"width":400,"height":400,"url":"https:\/\/tekorycnc.com\/wp-content\/uploads\/2020\/02\/beamcombiner.png","type":"image\/png"}],"twitter_card":"summary_large_image","twitter_misc":{"Becs\u00fclt olvas\u00e1si id\u0151":"2 perc"},"schema":{"@context":"https:\/\/schema.org","@graph":[{"@type":"WebPage","@id":"https:\/\/tekorycnc.com\/product\/dm542\/","url":"https:\/\/tekorycnc.com\/product\/dm542\/","name":"LeadShine DM542 2-Phase stepper Driver - tekorycnc","isPartOf":{"@id":"https:\/\/tekorycnc.com\/#website"},"primaryImageOfPage":{"@id":"https:\/\/tekorycnc.com\/product\/dm542\/#primaryimage"},"image":{"@id":"https:\/\/tekorycnc.com\/product\/dm542\/#primaryimage"},"thumbnailUrl":"https:\/\/tekorycnc.com\/wp-content\/uploads\/2020\/02\/beamcombiner.png","datePublished":"2020-02-11T08:08:53+00:00","dateModified":"2023-12-01T07:31:24+00:00","breadcrumb":{"@id":"https:\/\/tekorycnc.com\/product\/dm542\/#breadcrumb"},"inLanguage":"hu","potentialAction":[{"@type":"ReadAction","target":["https:\/\/tekorycnc.com\/product\/dm542\/"]}]},{"@type":"ImageObject","inLanguage":"hu","@id":"https:\/\/tekorycnc.com\/product\/dm542\/#primaryimage","url":"https:\/\/tekorycnc.com\/wp-content\/uploads\/2020\/02\/beamcombiner.png","contentUrl":"https:\/\/tekorycnc.com\/wp-content\/uploads\/2020\/02\/beamcombiner.png","width":400,"height":400},{"@type":"BreadcrumbList","@id":"https:\/\/tekorycnc.com\/product\/dm542\/#breadcrumb","itemListElement":[{"@type":"ListItem","position":1,"name":"Home","item":"https:\/\/tekorycnc.com\/"},{"@type":"ListItem","position":2,"name":"Shop","item":"https:\/\/tekorycnc.com\/shop\/"},{"@type":"ListItem","position":3,"name":"LeadShine DM542 2-Phase stepper Driver"}]},{"@type":"WebSite","@id":"https:\/\/tekorycnc.com\/#website","url":"https:\/\/tekorycnc.com\/","name":"tekorycnc","description":"tekorycnc","potentialAction":[{"@type":"SearchAction","target":{"@type":"EntryPoint","urlTemplate":"https:\/\/tekorycnc.com\/?s={search_term_string}"},"query-input":{"@type":"PropertyValueSpecification","valueRequired":true,"valueName":"search_term_string"}}],"inLanguage":"hu"}]}},"_links":{"self":[{"href":"https:\/\/tekorycnc.com\/hu\/wp-json\/wp\/v2\/product\/3017","targetHints":{"allow":["GET"]}}],"collection":[{"href":"https:\/\/tekorycnc.com\/hu\/wp-json\/wp\/v2\/product"}],"about":[{"href":"https:\/\/tekorycnc.com\/hu\/wp-json\/wp\/v2\/types\/product"}],"wp:featuredmedia":[{"embeddable":true,"href":"https:\/\/tekorycnc.com\/hu\/wp-json\/wp\/v2\/media\/2998"}],"wp:attachment":[{"href":"https:\/\/tekorycnc.com\/hu\/wp-json\/wp\/v2\/media?parent=3017"}],"wp:term":[{"taxonomy":"product_cat","embeddable":true,"href":"https:\/\/tekorycnc.com\/hu\/wp-json\/wp\/v2\/product_cat?post=3017"},{"taxonomy":"product_tag","embeddable":true,"href":"https:\/\/tekorycnc.com\/hu\/wp-json\/wp\/v2\/product_tag?post=3017"}],"curies":[{"name":"wp","href":"https:\/\/api.w.org\/{rel}","templated":true}]}}