{"id":2423,"date":"2020-02-03T09:20:45","date_gmt":"2020-02-03T09:20:45","guid":{"rendered":"https:\/\/tekorycnc.com\/?post_type=product&#038;p=2423"},"modified":"2020-02-03T09:27:06","modified_gmt":"2020-02-03T09:27:06","slug":"water-chiller-cwfl-2000","status":"publish","type":"product","link":"https:\/\/tekorycnc.com\/hu\/termek\/water-chiller-cwfl-2000\/","title":{"rendered":"CWFL-2000 v\u00edzh\u0171t\u0151"},"content":{"rendered":"<p><strong><b>S&amp;A CWFL-2000 Dual Temperature Water Chiller for 2 KW Fiber laser Cutting<\/b><\/strong><strong><b>\u00a0Machine <\/b><\/strong><\/p>\n<p>S&amp;A CWFL-2000 dual temperature water chiller machines with 6500W cooling capacity,\u00a0\u00b10.5\u2103 precise temperature control\u00a0and multiple alarm functions are\u00a0specially designed for cooling 2000W fiber lasers.<\/p>\n<p><strong><b>Features:<\/b><\/strong><\/p>\n<ol>\n<li>6500W cooling capacity; use environmental refrigerant<\/li>\n<li>\u00b13degree precise temperature control<\/li>\n<li>Intelligent control mode<\/li>\n<li>Multiple alarm functions: compressor time-delay protection, compressor over current protection, water flow alarm and over high\/low temp alarm<\/li>\n<li>Multiple power specifications, CE, RoHS and reach approva<\/li>\n<li>Optional heater and water filter<\/li>\n<\/ol>\n<p>\t\t\t\t\t\t\t\t\t\t<img loading=\"lazy\" decoding=\"async\" width=\"917\" height=\"618\" src=\"https:\/\/tekorycnc.com\/wp-content\/uploads\/2020\/02\/CWFL-2000.jpg\" alt=\"\" \/><br \/>\n\t\t\t\t\t\t\t\t\t\t<img loading=\"lazy\" decoding=\"async\" width=\"780\" height=\"317\" src=\"https:\/\/tekorycnc.com\/wp-content\/uploads\/2020\/02\/CWFL-2000INTRODUCTION.jpg\" alt=\"\" \/>\t\t\t\t\t\t\t\t\t\t\t<\/p>\n<figure class='gallery-item'>\n\t\t\t\t<a data-elementor-open-lightbox=\"yes\" data-elementor-lightbox-slideshow=\"610e02c\" href='https:\/\/tekorycnc.com\/wp-content\/uploads\/2020\/02\/cw6000waterpressuregauge.jpg'><img loading=\"lazy\" decoding=\"async\" width=\"300\" height=\"169\" src=\"https:\/\/tekorycnc.com\/wp-content\/uploads\/2020\/02\/cw6000waterpressuregauge-300x169.jpg\" alt=\"\" aria-describedby=\"gallery-3-2365\" \/><\/a><figcaption class='wp-caption-text gallery-caption' id='gallery-3-2365'>\n\t\t\t\tAdvanced Pressure Gauge&amp;Universal Wheel<br \/>\n\t\t\t\t<\/figcaption><\/figure>\n<figure class='gallery-item'>\n\t\t\t\t<a data-elementor-open-lightbox=\"yes\" data-elementor-lightbox-slideshow=\"610e02c\" href='https:\/\/tekorycnc.com\/wp-content\/uploads\/2020\/02\/cw60002.jpg'><img loading=\"lazy\" decoding=\"async\" width=\"300\" height=\"225\" src=\"https:\/\/tekorycnc.com\/wp-content\/uploads\/2020\/02\/cw60002-300x225.jpg\" alt=\"\" aria-describedby=\"gallery-3-2366\" \/><\/a><figcaption class='wp-caption-text gallery-caption' id='gallery-3-2366'>\n\t\t\t\tRadiator Fan<br \/>\n\t\t\t\t<\/figcaption><\/figure>\n<figure class='gallery-item'>\n\t\t\t\t<a data-elementor-open-lightbox=\"yes\" data-elementor-lightbox-slideshow=\"610e02c\" href='https:\/\/tekorycnc.com\/wp-content\/uploads\/2020\/02\/cw6000tempcontrol.jpg'><img loading=\"lazy\" decoding=\"async\" width=\"300\" height=\"182\" src=\"https:\/\/tekorycnc.com\/wp-content\/uploads\/2020\/02\/cw6000tempcontrol-300x182.jpg\" alt=\"\" aria-describedby=\"gallery-3-2364\" \/><\/a><figcaption class='wp-caption-text gallery-caption' id='gallery-3-2364'>\n\t\t\t\tAdvanced Temperature Control<br \/>\n\t\t\t\t<\/figcaption><\/figure>\n<figure class='gallery-item'>\n\t\t\t\t<a data-elementor-open-lightbox=\"yes\" data-elementor-lightbox-slideshow=\"610e02c\" href='https:\/\/tekorycnc.com\/wp-content\/uploads\/2020\/02\/CWFL-500inletoutletconnector.jpg'><img loading=\"lazy\" decoding=\"async\" width=\"300\" height=\"171\" src=\"https:\/\/tekorycnc.com\/wp-content\/uploads\/2020\/02\/CWFL-500inletoutletconnector-300x171.jpg\" alt=\"\" aria-describedby=\"gallery-3-2388\" \/><\/a><figcaption class='wp-caption-text gallery-caption' id='gallery-3-2388'>\n\t\t\t\tDual Inlet\/outlet Connectors<br \/>\n\t\t\t\t<\/figcaption><\/figure>\n<figure class='gallery-item'>\n\t\t\t\t<a data-elementor-open-lightbox=\"yes\" data-elementor-lightbox-slideshow=\"610e02c\" href='https:\/\/tekorycnc.com\/wp-content\/uploads\/2020\/02\/CWFL-500tempcontrol.jpg'><img loading=\"lazy\" decoding=\"async\" width=\"300\" height=\"169\" src=\"https:\/\/tekorycnc.com\/wp-content\/uploads\/2020\/02\/CWFL-500tempcontrol-300x169.jpg\" alt=\"\" aria-describedby=\"gallery-3-2391\" \/><\/a><figcaption class='wp-caption-text gallery-caption' id='gallery-3-2391'>\n\t\t\t\tMultiple Alarm Protection<br \/>\n\t\t\t\t<\/figcaption><\/figure>\n<figure class='gallery-item'>\n\t\t\t\t<a data-elementor-open-lightbox=\"yes\" data-elementor-lightbox-slideshow=\"610e02c\" href='https:\/\/tekorycnc.com\/wp-content\/uploads\/2020\/02\/CWFL-500dustgauze.jpg'><img loading=\"lazy\" decoding=\"async\" width=\"300\" height=\"169\" src=\"https:\/\/tekorycnc.com\/wp-content\/uploads\/2020\/02\/CWFL-500dustgauze-300x169.jpg\" alt=\"\" aria-describedby=\"gallery-3-2386\" \/><\/a><figcaption class='wp-caption-text gallery-caption' id='gallery-3-2386'>\n\t\t\t\tDust Gauze<br \/>\n\t\t\t\t<\/figcaption><\/figure>\n<p>\t\t\t\t\t\t\t\t\t\t<img loading=\"lazy\" decoding=\"async\" width=\"680\" height=\"363\" src=\"https:\/\/tekorycnc.com\/wp-content\/uploads\/2020\/02\/CWFL-500cause.jpg\" alt=\"\" \/><br \/>\n\t\t\t\t\t\t\t\t\t\t\t\t<a href=\"\">Notes<\/a><\/p>\n<p>The flow alarm is connected to the normally open relay and normally closed relay contacts, requiring operating current less than 5A, working voltage less than 300V.<\/p>\n<p>\t\t\t\t\t\t\t\t\t\t\t\t<a href=\"\">Maintenance<\/a><\/p>\n<p>&gt; To ensure good heat dissipating, please open the lid to clean monthly.<br \/>&gt; water type: recommend purified water or clean distilled water.<br \/>&gt; The circulating water should be exchanged every 3 months.<br \/>&gt; Users in low temperature(&lt; 0) area should add noncorrosive antifreeze water.<\/p>","protected":false},"excerpt":{"rendered":"<p>Compatible with 2 KW fiber laser source branded: IPG, Raycus, MaxPhotonics, nLIGHT, Trumpf, etc.<\/p>","protected":false},"featured_media":2426,"template":"","meta":[],"product_cat":[25],"product_tag":[],"class_list":{"0":"post-2423","1":"product","2":"type-product","3":"status-publish","4":"has-post-thumbnail","6":"product_cat-cooling-system","8":"first","9":"instock","10":"shipping-taxable","11":"purchasable","12":"product-type-variable","13":"has-default-attributes"},"yoast_head":"<!-- This site is optimized with the Yoast SEO plugin v23.9 - https:\/\/yoast.com\/wordpress\/plugins\/seo\/ -->\n<title>Water Chiller CWFL-2000 - tekorycnc<\/title>\n<meta name=\"robots\" content=\"index, follow, max-snippet:-1, max-image-preview:large, max-video-preview:-1\" \/>\n<link rel=\"canonical\" href=\"https:\/\/tekorycnc.com\/hu\/termek\/water-chiller-cwfl-2000\/\" \/>\n<meta property=\"og:locale\" content=\"hu_HU\" \/>\n<meta property=\"og:type\" content=\"article\" \/>\n<meta property=\"og:title\" content=\"Water Chiller CWFL-2000 - tekorycnc\" \/>\n<meta property=\"og:description\" content=\"Compatible with 2 KW fiber laser source branded: IPG, Raycus, MaxPhotonics, nLIGHT, Trumpf, etc.\" \/>\n<meta property=\"og:url\" content=\"https:\/\/tekorycnc.com\/hu\/termek\/water-chiller-cwfl-2000\/\" \/>\n<meta property=\"og:site_name\" content=\"tekorycnc\" \/>\n<meta property=\"article:modified_time\" content=\"2020-02-03T09:27:06+00:00\" \/>\n<meta property=\"og:image\" content=\"https:\/\/tekorycnc.com\/wp-content\/uploads\/2020\/02\/CWFL-2000-.jpg\" \/>\n\t<meta property=\"og:image:width\" content=\"550\" \/>\n\t<meta property=\"og:image:height\" content=\"413\" \/>\n\t<meta property=\"og:image:type\" content=\"image\/jpeg\" \/>\n<meta name=\"twitter:card\" content=\"summary_large_image\" \/>\n<meta name=\"twitter:label1\" content=\"Becs\u00fclt olvas\u00e1si id\u0151\" \/>\n\t<meta name=\"twitter:data1\" content=\"1 perc\" \/>\n<script type=\"application\/ld+json\" class=\"yoast-schema-graph\">{\"@context\":\"https:\/\/schema.org\",\"@graph\":[{\"@type\":\"WebPage\",\"@id\":\"https:\/\/tekorycnc.com\/product\/water-chiller-cwfl-2000\/\",\"url\":\"https:\/\/tekorycnc.com\/product\/water-chiller-cwfl-2000\/\",\"name\":\"Water Chiller CWFL-2000 - tekorycnc\",\"isPartOf\":{\"@id\":\"https:\/\/tekorycnc.com\/#website\"},\"primaryImageOfPage\":{\"@id\":\"https:\/\/tekorycnc.com\/product\/water-chiller-cwfl-2000\/#primaryimage\"},\"image\":{\"@id\":\"https:\/\/tekorycnc.com\/product\/water-chiller-cwfl-2000\/#primaryimage\"},\"thumbnailUrl\":\"https:\/\/tekorycnc.com\/wp-content\/uploads\/2020\/02\/CWFL-2000-.jpg\",\"datePublished\":\"2020-02-03T09:20:45+00:00\",\"dateModified\":\"2020-02-03T09:27:06+00:00\",\"breadcrumb\":{\"@id\":\"https:\/\/tekorycnc.com\/product\/water-chiller-cwfl-2000\/#breadcrumb\"},\"inLanguage\":\"hu\",\"potentialAction\":[{\"@type\":\"ReadAction\",\"target\":[\"https:\/\/tekorycnc.com\/product\/water-chiller-cwfl-2000\/\"]}]},{\"@type\":\"ImageObject\",\"inLanguage\":\"hu\",\"@id\":\"https:\/\/tekorycnc.com\/product\/water-chiller-cwfl-2000\/#primaryimage\",\"url\":\"https:\/\/tekorycnc.com\/wp-content\/uploads\/2020\/02\/CWFL-2000-.jpg\",\"contentUrl\":\"https:\/\/tekorycnc.com\/wp-content\/uploads\/2020\/02\/CWFL-2000-.jpg\",\"width\":550,\"height\":413},{\"@type\":\"BreadcrumbList\",\"@id\":\"https:\/\/tekorycnc.com\/product\/water-chiller-cwfl-2000\/#breadcrumb\",\"itemListElement\":[{\"@type\":\"ListItem\",\"position\":1,\"name\":\"Home\",\"item\":\"https:\/\/tekorycnc.com\/\"},{\"@type\":\"ListItem\",\"position\":2,\"name\":\"Shop\",\"item\":\"https:\/\/tekorycnc.com\/shop\/\"},{\"@type\":\"ListItem\",\"position\":3,\"name\":\"Water Chiller CWFL-2000\"}]},{\"@type\":\"WebSite\",\"@id\":\"https:\/\/tekorycnc.com\/#website\",\"url\":\"https:\/\/tekorycnc.com\/\",\"name\":\"tekorycnc\",\"description\":\"tekorycnc\",\"potentialAction\":[{\"@type\":\"SearchAction\",\"target\":{\"@type\":\"EntryPoint\",\"urlTemplate\":\"https:\/\/tekorycnc.com\/?s={search_term_string}\"},\"query-input\":{\"@type\":\"PropertyValueSpecification\",\"valueRequired\":true,\"valueName\":\"search_term_string\"}}],\"inLanguage\":\"hu\"}]}<\/script>\n<!-- \/ Yoast SEO plugin. -->","yoast_head_json":{"title":"Water Chiller CWFL-2000 - tekorycnc","robots":{"index":"index","follow":"follow","max-snippet":"max-snippet:-1","max-image-preview":"max-image-preview:large","max-video-preview":"max-video-preview:-1"},"canonical":"https:\/\/tekorycnc.com\/hu\/termek\/water-chiller-cwfl-2000\/","og_locale":"hu_HU","og_type":"article","og_title":"Water Chiller CWFL-2000 - tekorycnc","og_description":"Compatible with 2 KW fiber laser source branded: IPG, Raycus, MaxPhotonics, nLIGHT, Trumpf, etc.","og_url":"https:\/\/tekorycnc.com\/hu\/termek\/water-chiller-cwfl-2000\/","og_site_name":"tekorycnc","article_modified_time":"2020-02-03T09:27:06+00:00","og_image":[{"width":550,"height":413,"url":"https:\/\/tekorycnc.com\/wp-content\/uploads\/2020\/02\/CWFL-2000-.jpg","type":"image\/jpeg"}],"twitter_card":"summary_large_image","twitter_misc":{"Becs\u00fclt olvas\u00e1si id\u0151":"1 perc"},"schema":{"@context":"https:\/\/schema.org","@graph":[{"@type":"WebPage","@id":"https:\/\/tekorycnc.com\/product\/water-chiller-cwfl-2000\/","url":"https:\/\/tekorycnc.com\/product\/water-chiller-cwfl-2000\/","name":"Water Chiller CWFL-2000 - tekorycnc","isPartOf":{"@id":"https:\/\/tekorycnc.com\/#website"},"primaryImageOfPage":{"@id":"https:\/\/tekorycnc.com\/product\/water-chiller-cwfl-2000\/#primaryimage"},"image":{"@id":"https:\/\/tekorycnc.com\/product\/water-chiller-cwfl-2000\/#primaryimage"},"thumbnailUrl":"https:\/\/tekorycnc.com\/wp-content\/uploads\/2020\/02\/CWFL-2000-.jpg","datePublished":"2020-02-03T09:20:45+00:00","dateModified":"2020-02-03T09:27:06+00:00","breadcrumb":{"@id":"https:\/\/tekorycnc.com\/product\/water-chiller-cwfl-2000\/#breadcrumb"},"inLanguage":"hu","potentialAction":[{"@type":"ReadAction","target":["https:\/\/tekorycnc.com\/product\/water-chiller-cwfl-2000\/"]}]},{"@type":"ImageObject","inLanguage":"hu","@id":"https:\/\/tekorycnc.com\/product\/water-chiller-cwfl-2000\/#primaryimage","url":"https:\/\/tekorycnc.com\/wp-content\/uploads\/2020\/02\/CWFL-2000-.jpg","contentUrl":"https:\/\/tekorycnc.com\/wp-content\/uploads\/2020\/02\/CWFL-2000-.jpg","width":550,"height":413},{"@type":"BreadcrumbList","@id":"https:\/\/tekorycnc.com\/product\/water-chiller-cwfl-2000\/#breadcrumb","itemListElement":[{"@type":"ListItem","position":1,"name":"Home","item":"https:\/\/tekorycnc.com\/"},{"@type":"ListItem","position":2,"name":"Shop","item":"https:\/\/tekorycnc.com\/shop\/"},{"@type":"ListItem","position":3,"name":"Water Chiller CWFL-2000"}]},{"@type":"WebSite","@id":"https:\/\/tekorycnc.com\/#website","url":"https:\/\/tekorycnc.com\/","name":"tekorycnc","description":"tekorycnc","potentialAction":[{"@type":"SearchAction","target":{"@type":"EntryPoint","urlTemplate":"https:\/\/tekorycnc.com\/?s={search_term_string}"},"query-input":{"@type":"PropertyValueSpecification","valueRequired":true,"valueName":"search_term_string"}}],"inLanguage":"hu"}]}},"_links":{"self":[{"href":"https:\/\/tekorycnc.com\/hu\/wp-json\/wp\/v2\/product\/2423","targetHints":{"allow":["GET"]}}],"collection":[{"href":"https:\/\/tekorycnc.com\/hu\/wp-json\/wp\/v2\/product"}],"about":[{"href":"https:\/\/tekorycnc.com\/hu\/wp-json\/wp\/v2\/types\/product"}],"wp:featuredmedia":[{"embeddable":true,"href":"https:\/\/tekorycnc.com\/hu\/wp-json\/wp\/v2\/media\/2426"}],"wp:attachment":[{"href":"https:\/\/tekorycnc.com\/hu\/wp-json\/wp\/v2\/media?parent=2423"}],"wp:term":[{"taxonomy":"product_cat","embeddable":true,"href":"https:\/\/tekorycnc.com\/hu\/wp-json\/wp\/v2\/product_cat?post=2423"},{"taxonomy":"product_tag","embeddable":true,"href":"https:\/\/tekorycnc.com\/hu\/wp-json\/wp\/v2\/product_tag?post=2423"}],"curies":[{"name":"wp","href":"https:\/\/api.w.org\/{rel}","templated":true}]}}