{"id":186,"date":"2013-06-07T11:02:31","date_gmt":"2013-06-07T11:02:31","guid":{"rendered":"http:\/\/demo.woothemes.com\/woocommerce\/?post_type=product&#038;p=47"},"modified":"2023-12-01T07:30:14","modified_gmt":"2023-12-01T07:30:14","slug":"focal-lens","status":"publish","type":"product","link":"https:\/\/tekorycnc.com\/hu\/termek\/fokuszlencse\/","title":{"rendered":""},"content":{"rendered":"<h2>Kiv\u00e1l\u00f3 min\u0151s\u00e9g\u0171 CO2 ZnSe f\u00f3kuszlencse MeniscusType<\/h2>\n<p><img loading=\"lazy\" decoding=\"async\" src=\"https:\/\/tekorycnc.com\/wp-content\/uploads\/2013\/06\/focal-lens-1024x253.png\" alt=\"\" width=\"780\" height=\"193\" \/><\/p>\n<p>A cink-szelenid (ZnSe) rendelkezik a legalacsonyabb abszorpci\u00f3val az \u00e1ltal\u00e1nos CO2-\u00e1tviv\u0151 anyagok k\u00f6z\u00fcl, ez\u00e9rt nagy teljes\u00edtm\u00e9ny\u0171 alkalmaz\u00e1sokhoz a legmegfelel\u0151bb anyag.<\/p>\n<table border=\"1\">\n<tbody>\n<tr>\n<th>Anyag<\/th>\n<th>Kiv\u00e1l\u00f3 min\u0151s\u00e9g\u0171 ZnSe<\/th>\n<\/tr>\n<tr>\n<td>\u00a0<strong>Bevonat<\/strong><\/td>\n<td>Kiv\u00e1l\u00f3 k\u00e9toldalas szil\u00e1rd bevonat, t\u00f6rl\u00e9si ellen\u00e1ll\u00e1s, hossz\u00fa \u00e9lettartam<\/td>\n<\/tr>\n<tr>\n<td>\u00a0<strong>Termel\u00e9s<br \/>\nTechnol\u00f3gia<\/strong><\/td>\n<td>\u00a0Pol\u00edroz\u00e1s &gt; csiszol\u00e1si elj\u00e1r\u00e1sok &gt; magas h\u0151m\u00e9rs\u00e9kleten t\u00f6rt\u00e9n\u0151 \u00f6reg\u00edt\u00e9s<\/td>\n<\/tr>\n<tr>\n<td>\u00a0<strong>Transzmittancia<\/strong><\/td>\n<td>\u00a099,5%-ig<\/td>\n<\/tr>\n<tr>\n<td>\u00a0<strong>Alkalmaz\u00e1s<\/strong><\/td>\n<td>40W~150W CO2 l\u00e9zerhez 10600nm\/ 10.6\u03bcm 10600nm\/ 10.6\u03bcm<\/td>\n<\/tr>\n<tr>\n<td>\u00a0<strong>Dimenzi\u00f3<\/strong><\/td>\n<td>T 2mm * D15mm\/ 18mm\/ 19.05mm \/ 20mm<\/td>\n<\/tr>\n<tr>\n<td><strong>Gy\u00fajt\u00f3t\u00e1vols\u00e1g<\/strong><\/td>\n<td>38.1mm \/ 50.8mm \/ 63.5mm \/ 101.6mm<\/td>\n<\/tr>\n<\/tbody>\n<\/table>\n<p><img loading=\"lazy\" decoding=\"async\" src=\"https:\/\/tekorycnc.com\/wp-content\/uploads\/2020\/02\/Hfocuslensspec.jpg\" alt=\"\" width=\"780\" height=\"487\" \/><br \/>\n<img loading=\"lazy\" decoding=\"async\" src=\"https:\/\/tekorycnc.com\/wp-content\/uploads\/2013\/06\/IMG_0422-1024x655.jpg\" alt=\"\" width=\"780\" height=\"499\" \/><br \/>\n<img loading=\"lazy\" decoding=\"async\" src=\"https:\/\/tekorycnc.com\/wp-content\/uploads\/2013\/06\/IMG_0434-1024x768.jpg\" alt=\"\" width=\"780\" height=\"585\" \/><br \/>\n<img loading=\"lazy\" decoding=\"async\" src=\"https:\/\/tekorycnc.com\/wp-content\/uploads\/2013\/06\/IMG_0409-2-1024x552.jpg\" alt=\"\" width=\"780\" height=\"420\" \/><br \/>\n<img loading=\"lazy\" decoding=\"async\" src=\"https:\/\/tekorycnc.com\/wp-content\/uploads\/2020\/02\/focallensspcnumber.png\" alt=\"\" width=\"780\" height=\"358\" \/><br \/>\n<img loading=\"lazy\" decoding=\"async\" src=\"https:\/\/tekorycnc.com\/wp-content\/uploads\/2013\/06\/focus_lens_2.jpg\" alt=\"\" width=\"640\" height=\"440\" \/><br \/>\n<img loading=\"lazy\" decoding=\"async\" src=\"https:\/\/tekorycnc.com\/wp-content\/uploads\/2013\/06\/focus_lens_3.jpg\" alt=\"\" width=\"640\" height=\"393\" \/><br \/>\n<img loading=\"lazy\" decoding=\"async\" src=\"https:\/\/tekorycnc.com\/wp-content\/uploads\/2013\/06\/Guarantee_2-1024x215.png\" alt=\"\" width=\"780\" height=\"164\" \/><\/p>","protected":false},"excerpt":{"rendered":"<p>USA CVD lencse: FL38.1\/50.8\/63.5\/101.6mm<\/p>","protected":false},"featured_media":2942,"template":"","meta":[],"product_cat":[35,36,43],"product_tag":[],"class_list":{"0":"post-186","1":"product","2":"type-product","3":"status-publish","4":"has-post-thumbnail","6":"product_cat-co2-laser","7":"product_cat-co2-laser-optics","8":"product_cat-focal-lens","10":"first","11":"instock","12":"shipping-taxable","13":"purchasable","14":"product-type-variable","15":"has-default-attributes"},"yoast_head":"<!-- This site is optimized with the Yoast SEO plugin v23.9 - https:\/\/yoast.com\/wordpress\/plugins\/seo\/ -->\n<title>- tekorycnc<\/title>\n<meta name=\"robots\" content=\"index, follow, max-snippet:-1, max-image-preview:large, max-video-preview:-1\" \/>\n<link rel=\"canonical\" href=\"https:\/\/tekorycnc.com\/hu\/termek\/fokuszlencse\/\" \/>\n<meta property=\"og:locale\" content=\"hu_HU\" \/>\n<meta property=\"og:type\" content=\"article\" \/>\n<meta property=\"og:title\" content=\"- tekorycnc\" \/>\n<meta property=\"og:description\" content=\"USA CVD Lens: D12\/15\/18\/19.05\/20mm &amp; FL38.1\/50.8\/63.5\/101.6mm\" \/>\n<meta property=\"og:url\" content=\"https:\/\/tekorycnc.com\/hu\/termek\/fokuszlencse\/\" \/>\n<meta property=\"og:site_name\" content=\"tekorycnc\" \/>\n<meta property=\"article:modified_time\" content=\"2023-12-01T07:30:14+00:00\" \/>\n<meta property=\"og:image\" content=\"https:\/\/tekorycnc.com\/wp-content\/uploads\/2013\/06\/Hznsefocuslens.jpg.png\" \/>\n\t<meta property=\"og:image:width\" content=\"400\" \/>\n\t<meta property=\"og:image:height\" content=\"400\" \/>\n\t<meta property=\"og:image:type\" content=\"image\/png\" \/>\n<meta name=\"twitter:card\" content=\"summary_large_image\" \/>\n<meta name=\"twitter:label1\" content=\"Becs\u00fclt olvas\u00e1si id\u0151\" \/>\n\t<meta name=\"twitter:data1\" content=\"3 perc\" \/>\n<script type=\"application\/ld+json\" class=\"yoast-schema-graph\">{\"@context\":\"https:\/\/schema.org\",\"@graph\":[{\"@type\":\"WebPage\",\"@id\":\"https:\/\/tekorycnc.com\/product\/focal-lens\/\",\"url\":\"https:\/\/tekorycnc.com\/product\/focal-lens\/\",\"name\":\"- tekorycnc\",\"isPartOf\":{\"@id\":\"https:\/\/tekorycnc.com\/#website\"},\"primaryImageOfPage\":{\"@id\":\"https:\/\/tekorycnc.com\/product\/focal-lens\/#primaryimage\"},\"image\":{\"@id\":\"https:\/\/tekorycnc.com\/product\/focal-lens\/#primaryimage\"},\"thumbnailUrl\":\"https:\/\/tekorycnc.com\/wp-content\/uploads\/2013\/06\/Hznsefocuslens.jpg.png\",\"datePublished\":\"2013-06-07T11:02:31+00:00\",\"dateModified\":\"2023-12-01T07:30:14+00:00\",\"breadcrumb\":{\"@id\":\"https:\/\/tekorycnc.com\/product\/focal-lens\/#breadcrumb\"},\"inLanguage\":\"hu\",\"potentialAction\":[{\"@type\":\"ReadAction\",\"target\":[\"https:\/\/tekorycnc.com\/product\/focal-lens\/\"]}]},{\"@type\":\"ImageObject\",\"inLanguage\":\"hu\",\"@id\":\"https:\/\/tekorycnc.com\/product\/focal-lens\/#primaryimage\",\"url\":\"https:\/\/tekorycnc.com\/wp-content\/uploads\/2013\/06\/Hznsefocuslens.jpg.png\",\"contentUrl\":\"https:\/\/tekorycnc.com\/wp-content\/uploads\/2013\/06\/Hznsefocuslens.jpg.png\",\"width\":400,\"height\":400},{\"@type\":\"BreadcrumbList\",\"@id\":\"https:\/\/tekorycnc.com\/product\/focal-lens\/#breadcrumb\",\"itemListElement\":[{\"@type\":\"ListItem\",\"position\":1,\"name\":\"Home\",\"item\":\"https:\/\/tekorycnc.com\/\"},{\"@type\":\"ListItem\",\"position\":2,\"name\":\"Shop\",\"item\":\"https:\/\/tekorycnc.com\/shop\/\"}]},{\"@type\":\"WebSite\",\"@id\":\"https:\/\/tekorycnc.com\/#website\",\"url\":\"https:\/\/tekorycnc.com\/\",\"name\":\"tekorycnc\",\"description\":\"tekorycnc\",\"potentialAction\":[{\"@type\":\"SearchAction\",\"target\":{\"@type\":\"EntryPoint\",\"urlTemplate\":\"https:\/\/tekorycnc.com\/?s={search_term_string}\"},\"query-input\":{\"@type\":\"PropertyValueSpecification\",\"valueRequired\":true,\"valueName\":\"search_term_string\"}}],\"inLanguage\":\"hu\"}]}<\/script>\n<!-- \/ Yoast SEO plugin. -->","yoast_head_json":{"title":"- tekorycnc","robots":{"index":"index","follow":"follow","max-snippet":"max-snippet:-1","max-image-preview":"max-image-preview:large","max-video-preview":"max-video-preview:-1"},"canonical":"https:\/\/tekorycnc.com\/hu\/termek\/fokuszlencse\/","og_locale":"hu_HU","og_type":"article","og_title":"- tekorycnc","og_description":"USA CVD Lens: D12\/15\/18\/19.05\/20mm &amp; FL38.1\/50.8\/63.5\/101.6mm","og_url":"https:\/\/tekorycnc.com\/hu\/termek\/fokuszlencse\/","og_site_name":"tekorycnc","article_modified_time":"2023-12-01T07:30:14+00:00","og_image":[{"width":400,"height":400,"url":"https:\/\/tekorycnc.com\/wp-content\/uploads\/2013\/06\/Hznsefocuslens.jpg.png","type":"image\/png"}],"twitter_card":"summary_large_image","twitter_misc":{"Becs\u00fclt olvas\u00e1si id\u0151":"3 perc"},"schema":{"@context":"https:\/\/schema.org","@graph":[{"@type":"WebPage","@id":"https:\/\/tekorycnc.com\/product\/focal-lens\/","url":"https:\/\/tekorycnc.com\/product\/focal-lens\/","name":"- tekorycnc","isPartOf":{"@id":"https:\/\/tekorycnc.com\/#website"},"primaryImageOfPage":{"@id":"https:\/\/tekorycnc.com\/product\/focal-lens\/#primaryimage"},"image":{"@id":"https:\/\/tekorycnc.com\/product\/focal-lens\/#primaryimage"},"thumbnailUrl":"https:\/\/tekorycnc.com\/wp-content\/uploads\/2013\/06\/Hznsefocuslens.jpg.png","datePublished":"2013-06-07T11:02:31+00:00","dateModified":"2023-12-01T07:30:14+00:00","breadcrumb":{"@id":"https:\/\/tekorycnc.com\/product\/focal-lens\/#breadcrumb"},"inLanguage":"hu","potentialAction":[{"@type":"ReadAction","target":["https:\/\/tekorycnc.com\/product\/focal-lens\/"]}]},{"@type":"ImageObject","inLanguage":"hu","@id":"https:\/\/tekorycnc.com\/product\/focal-lens\/#primaryimage","url":"https:\/\/tekorycnc.com\/wp-content\/uploads\/2013\/06\/Hznsefocuslens.jpg.png","contentUrl":"https:\/\/tekorycnc.com\/wp-content\/uploads\/2013\/06\/Hznsefocuslens.jpg.png","width":400,"height":400},{"@type":"BreadcrumbList","@id":"https:\/\/tekorycnc.com\/product\/focal-lens\/#breadcrumb","itemListElement":[{"@type":"ListItem","position":1,"name":"Home","item":"https:\/\/tekorycnc.com\/"},{"@type":"ListItem","position":2,"name":"Shop","item":"https:\/\/tekorycnc.com\/shop\/"}]},{"@type":"WebSite","@id":"https:\/\/tekorycnc.com\/#website","url":"https:\/\/tekorycnc.com\/","name":"tekorycnc","description":"tekorycnc","potentialAction":[{"@type":"SearchAction","target":{"@type":"EntryPoint","urlTemplate":"https:\/\/tekorycnc.com\/?s={search_term_string}"},"query-input":{"@type":"PropertyValueSpecification","valueRequired":true,"valueName":"search_term_string"}}],"inLanguage":"hu"}]}},"_links":{"self":[{"href":"https:\/\/tekorycnc.com\/hu\/wp-json\/wp\/v2\/product\/186","targetHints":{"allow":["GET"]}}],"collection":[{"href":"https:\/\/tekorycnc.com\/hu\/wp-json\/wp\/v2\/product"}],"about":[{"href":"https:\/\/tekorycnc.com\/hu\/wp-json\/wp\/v2\/types\/product"}],"wp:featuredmedia":[{"embeddable":true,"href":"https:\/\/tekorycnc.com\/hu\/wp-json\/wp\/v2\/media\/2942"}],"wp:attachment":[{"href":"https:\/\/tekorycnc.com\/hu\/wp-json\/wp\/v2\/media?parent=186"}],"wp:term":[{"taxonomy":"product_cat","embeddable":true,"href":"https:\/\/tekorycnc.com\/hu\/wp-json\/wp\/v2\/product_cat?post=186"},{"taxonomy":"product_tag","embeddable":true,"href":"https:\/\/tekorycnc.com\/hu\/wp-json\/wp\/v2\/product_tag?post=186"}],"curies":[{"name":"wp","href":"https:\/\/api.w.org\/{rel}","templated":true}]}}