{"id":2653,"date":"2020-02-07T03:14:17","date_gmt":"2020-02-07T03:14:17","guid":{"rendered":"https:\/\/tekorycnc.com\/?post_type=product&#038;p=2653"},"modified":"2023-12-01T07:35:37","modified_gmt":"2023-12-01T07:35:37","slug":"yongli-a8s-150w","status":"publish","type":"product","link":"https:\/\/tekorycnc.com\/fr\/produit\/yongli-a8s-150w\/","title":{"rendered":"YONGLI A8s-150W Tube laser CO2"},"content":{"rendered":"<h4><strong><b>YONGLI A8s-150w\u00a0 Glass Tube for CO2 Laser Engraving&amp;Cutting Machine<\/b><\/strong><\/h4>\n<p>YONGLI Adopts patented technology to modify the beam size and quality effectively that solves the beam distortion, increase the effective power. Inner lens upgraded. Stable on longtime working, lifespan is longer.<\/p>\n<table border=\"1\">\n<tbody>\n<tr>\n<th><strong>Dur\u00e9e de vie<\/strong><\/th>\n<th>10,000 hours\u00a0<br style=\"font-weight: 400;\" \/>(= 4,8 ans pour les ateliers travaillant 8h\/jour et 5 jours\/semaine).<\/th>\n<\/tr>\n<tr>\n<td>\u00a0<strong>Garantie<\/strong><\/td>\n<td>\u00a012 mois<\/td>\n<\/tr>\n<tr>\n<td>\u00a0<strong>Type de refroidissement<\/strong><\/td>\n<td>\u00a0Refroidissement \u00e0 l'eau (refroidisseur sugg\u00e9r\u00e9) :\u00a0<a style=\"font-size: 14px; color: #333333;\" href=\"https:\/\/tekorycnc.com\/fr\/produit\/water-chiller-cw5200\/\">S&amp;A CW5200<\/a>(Veuillez utiliser de l'eau purifi\u00e9e\/distill\u00e9e)<\/td>\n<\/tr>\n<tr>\n<td>\u00a0<strong>Environnement de travail<\/strong><\/td>\n<td>\u00a0temp\u00e9rature 2-40\u2103 ; humidit\u00e9 10-60%<\/td>\n<\/tr>\n<tr>\n<td>\u00a0<strong>Courant de travail<\/strong><\/td>\n<td>\u00a0Maximum 35 mA.<br \/>\nRecommend to keep under 28 mA.<\/td>\n<\/tr>\n<\/tbody>\n<\/table>\n<p><img loading=\"lazy\" decoding=\"async\" src=\"https:\/\/tekorycnc.com\/wp-content\/uploads\/2020\/02\/A8S2.gif.png\" alt=\"\" width=\"780\" height=\"300\" \/><br \/>\n<img loading=\"lazy\" decoding=\"async\" src=\"https:\/\/tekorycnc.com\/wp-content\/uploads\/2020\/02\/CO2Lasertubedescrpack-884x1024.png\" alt=\"\" width=\"780\" height=\"904\" \/><br \/>\n<a>Notes<\/a><\/p>\n<p>Ne nettoyez pas la surface ext\u00e9rieure du miroir de la veuve de sortie avec des outils tels qu'un tampon, sinon la puissance de sortie sera s\u00e9rieusement affect\u00e9e. Les m\u00e9thodes suivantes permettent d'\u00e9liminer la pollution de la surface ext\u00e9rieure du miroir de la fen\u00eatre.<\/p>\n<p>1) Lorsque le miroir est pollu\u00e9, n'allumez pas le laser.<br \/>\n2) Souffler la surface du miroir lat\u00e9ralement \u00e0 l'aide d'un souffleur d'air.<br \/>\n3) Vaporiser l'alcool pur sur la surface du miroir \u00e0 l'aide d'un pulv\u00e9risateur.<br \/>\n4) Allumer le laser une fois que l'alcool s'est enti\u00e8rement volatilis\u00e9.<br \/>\n5) If the methods above don\u2019t work effectively, it is necessary to go after the professional workers to use tampon with alcohol to clean the mirror surface from middle to edge. The best solution is to prevent the window from being polluted.<strong> \u00a0<\/strong><\/p>\n<p><a>Quality Guarantee<\/a><\/p>\n<ol>\n<li>Within 180 days from ex-factory dated on the label, we guarantee free replacement if the rated power is less than 80% (testing must be under proper operation). The replacement will keep the same warranty policy(12months).<\/li>\n<li>From 6<sup>th<\/sup>month to the 12<sup>th<\/sup>\u00a0month dated on the tube label, we provide free replacement if the rated power is less than 70%(testing must be under proper operation). The replacement will keep the same warranty policy(12months).<\/li>\n<li>The damage or problem caused by incorrect operation will not be covered by warranty policy.<\/li>\n<\/ol>\n<p><a>Attention<\/a><\/p>\n<p>Il est interdit de nettoyer le miroir avec de l'ac\u00e9tone.<br \/>\nLa vis situ\u00e9e \u00e0 l'avant et \u00e0 l'arri\u00e8re du tube laser ne doit pas \u00eatre d\u00e9plac\u00e9e, sous peine de r\u00e9duire la puissance de sortie, voire de mettre le laser au rebut.<br \/>\nPlacez l'acrylique \u00e0 300 mm du miroir de sortie lorsque vous testez le spot laser.<\/p>\n<p><a>S\u00e9curit\u00e9<\/a><\/p>\n<p>Le faisceau laser est une lumi\u00e8re invisible. Veuillez porter des lunettes de protection lorsque vous d\u00e9boguez le laser. Le p\u00f4le positif est sous haute tension. Faites attention aux marques de s\u00e9curit\u00e9 !<\/p>\n<p><a>Exigences en mati\u00e8re de stockage et de transport<\/a><\/p>\n<p>Verser le liquide de refroidissement en cas de stockage et de transport, et couvrir la borne de sortie avec un sac en plastique anti-poussi\u00e8re. L'environnement de stockage est de 2-40\u2103, l'humidit\u00e9 est de 10-60%. Emballez le tube laser dans son emballage d'origine.<\/p>\n<p><a>Les tubes fonctionnant de mani\u00e8re incorrecte ne sont pas couverts par la garantie.<\/a><br \/>\n<img loading=\"lazy\" decoding=\"async\" src=\"https:\/\/tekorycnc.com\/wp-content\/uploads\/2019\/12\/quality-guarrantee.gif\" alt=\"\" width=\"729\" height=\"76\" \/><\/p>","protected":false},"excerpt":{"rendered":"<p>Length=1850mm; Diameter=80mm<\/p>","protected":false},"featured_media":2603,"template":"","meta":[],"product_cat":[37,50],"product_tag":[],"class_list":{"0":"post-2653","1":"product","2":"type-product","3":"status-publish","4":"has-post-thumbnail","6":"product_cat-co2-laser-tube","7":"product_cat-yongli","9":"first","10":"instock","11":"shipping-taxable","12":"purchasable","13":"product-type-simple"},"yoast_head":"<!-- This site is optimized with the Yoast SEO plugin v23.9 - https:\/\/yoast.com\/wordpress\/plugins\/seo\/ -->\n<title>YONGLI A8s-150W CO2 Laser tube - tekorycnc<\/title>\n<meta name=\"robots\" content=\"index, follow, max-snippet:-1, max-image-preview:large, max-video-preview:-1\" \/>\n<link rel=\"canonical\" href=\"https:\/\/tekorycnc.com\/fr\/produit\/yongli-a8s-150w\/\" \/>\n<meta property=\"og:locale\" content=\"fr_CA\" \/>\n<meta property=\"og:type\" content=\"article\" \/>\n<meta property=\"og:title\" content=\"YONGLI A8s-150W CO2 Laser tube - tekorycnc\" \/>\n<meta property=\"og:description\" content=\"Length=1850mm; Diameter=80mm\" \/>\n<meta property=\"og:url\" content=\"https:\/\/tekorycnc.com\/fr\/produit\/yongli-a8s-150w\/\" \/>\n<meta property=\"og:site_name\" content=\"tekorycnc\" \/>\n<meta property=\"article:modified_time\" content=\"2023-12-01T07:35:37+00:00\" \/>\n<meta property=\"og:image\" content=\"https:\/\/tekorycnc.com\/wp-content\/uploads\/2020\/02\/YONGLIA8S.jpg\" \/>\n\t<meta property=\"og:image:width\" content=\"603\" \/>\n\t<meta property=\"og:image:height\" content=\"603\" \/>\n\t<meta property=\"og:image:type\" content=\"image\/jpeg\" \/>\n<meta name=\"twitter:card\" content=\"summary_large_image\" \/>\n<meta name=\"twitter:label1\" content=\"Estimation du temps de lecture\" \/>\n\t<meta name=\"twitter:data1\" content=\"3 minutes\" \/>\n<script type=\"application\/ld+json\" class=\"yoast-schema-graph\">{\"@context\":\"https:\/\/schema.org\",\"@graph\":[{\"@type\":\"WebPage\",\"@id\":\"https:\/\/tekorycnc.com\/product\/yongli-a8s-150w\/\",\"url\":\"https:\/\/tekorycnc.com\/product\/yongli-a8s-150w\/\",\"name\":\"YONGLI A8s-150W CO2 Laser tube - tekorycnc\",\"isPartOf\":{\"@id\":\"https:\/\/tekorycnc.com\/#website\"},\"primaryImageOfPage\":{\"@id\":\"https:\/\/tekorycnc.com\/product\/yongli-a8s-150w\/#primaryimage\"},\"image\":{\"@id\":\"https:\/\/tekorycnc.com\/product\/yongli-a8s-150w\/#primaryimage\"},\"thumbnailUrl\":\"https:\/\/tekorycnc.com\/wp-content\/uploads\/2020\/02\/YONGLIA8S.jpg\",\"datePublished\":\"2020-02-07T03:14:17+00:00\",\"dateModified\":\"2023-12-01T07:35:37+00:00\",\"breadcrumb\":{\"@id\":\"https:\/\/tekorycnc.com\/product\/yongli-a8s-150w\/#breadcrumb\"},\"inLanguage\":\"fr-CA\",\"potentialAction\":[{\"@type\":\"ReadAction\",\"target\":[\"https:\/\/tekorycnc.com\/product\/yongli-a8s-150w\/\"]}]},{\"@type\":\"ImageObject\",\"inLanguage\":\"fr-CA\",\"@id\":\"https:\/\/tekorycnc.com\/product\/yongli-a8s-150w\/#primaryimage\",\"url\":\"https:\/\/tekorycnc.com\/wp-content\/uploads\/2020\/02\/YONGLIA8S.jpg\",\"contentUrl\":\"https:\/\/tekorycnc.com\/wp-content\/uploads\/2020\/02\/YONGLIA8S.jpg\",\"width\":603,\"height\":603},{\"@type\":\"BreadcrumbList\",\"@id\":\"https:\/\/tekorycnc.com\/product\/yongli-a8s-150w\/#breadcrumb\",\"itemListElement\":[{\"@type\":\"ListItem\",\"position\":1,\"name\":\"Home\",\"item\":\"https:\/\/tekorycnc.com\/\"},{\"@type\":\"ListItem\",\"position\":2,\"name\":\"Shop\",\"item\":\"https:\/\/tekorycnc.com\/shop\/\"},{\"@type\":\"ListItem\",\"position\":3,\"name\":\"YONGLI A8s-150W CO2 Laser tube\"}]},{\"@type\":\"WebSite\",\"@id\":\"https:\/\/tekorycnc.com\/#website\",\"url\":\"https:\/\/tekorycnc.com\/\",\"name\":\"tekorycnc\",\"description\":\"tekorycnc\",\"potentialAction\":[{\"@type\":\"SearchAction\",\"target\":{\"@type\":\"EntryPoint\",\"urlTemplate\":\"https:\/\/tekorycnc.com\/?s={search_term_string}\"},\"query-input\":{\"@type\":\"PropertyValueSpecification\",\"valueRequired\":true,\"valueName\":\"search_term_string\"}}],\"inLanguage\":\"fr-CA\"}]}<\/script>\n<!-- \/ Yoast SEO plugin. -->","yoast_head_json":{"title":"YONGLI A8s-150W CO2 Laser tube - tekorycnc","robots":{"index":"index","follow":"follow","max-snippet":"max-snippet:-1","max-image-preview":"max-image-preview:large","max-video-preview":"max-video-preview:-1"},"canonical":"https:\/\/tekorycnc.com\/fr\/produit\/yongli-a8s-150w\/","og_locale":"fr_CA","og_type":"article","og_title":"YONGLI A8s-150W CO2 Laser tube - tekorycnc","og_description":"Length=1850mm; Diameter=80mm","og_url":"https:\/\/tekorycnc.com\/fr\/produit\/yongli-a8s-150w\/","og_site_name":"tekorycnc","article_modified_time":"2023-12-01T07:35:37+00:00","og_image":[{"width":603,"height":603,"url":"https:\/\/tekorycnc.com\/wp-content\/uploads\/2020\/02\/YONGLIA8S.jpg","type":"image\/jpeg"}],"twitter_card":"summary_large_image","twitter_misc":{"Estimation du temps de lecture":"3 minutes"},"schema":{"@context":"https:\/\/schema.org","@graph":[{"@type":"WebPage","@id":"https:\/\/tekorycnc.com\/product\/yongli-a8s-150w\/","url":"https:\/\/tekorycnc.com\/product\/yongli-a8s-150w\/","name":"YONGLI A8s-150W CO2 Laser tube - tekorycnc","isPartOf":{"@id":"https:\/\/tekorycnc.com\/#website"},"primaryImageOfPage":{"@id":"https:\/\/tekorycnc.com\/product\/yongli-a8s-150w\/#primaryimage"},"image":{"@id":"https:\/\/tekorycnc.com\/product\/yongli-a8s-150w\/#primaryimage"},"thumbnailUrl":"https:\/\/tekorycnc.com\/wp-content\/uploads\/2020\/02\/YONGLIA8S.jpg","datePublished":"2020-02-07T03:14:17+00:00","dateModified":"2023-12-01T07:35:37+00:00","breadcrumb":{"@id":"https:\/\/tekorycnc.com\/product\/yongli-a8s-150w\/#breadcrumb"},"inLanguage":"fr-CA","potentialAction":[{"@type":"ReadAction","target":["https:\/\/tekorycnc.com\/product\/yongli-a8s-150w\/"]}]},{"@type":"ImageObject","inLanguage":"fr-CA","@id":"https:\/\/tekorycnc.com\/product\/yongli-a8s-150w\/#primaryimage","url":"https:\/\/tekorycnc.com\/wp-content\/uploads\/2020\/02\/YONGLIA8S.jpg","contentUrl":"https:\/\/tekorycnc.com\/wp-content\/uploads\/2020\/02\/YONGLIA8S.jpg","width":603,"height":603},{"@type":"BreadcrumbList","@id":"https:\/\/tekorycnc.com\/product\/yongli-a8s-150w\/#breadcrumb","itemListElement":[{"@type":"ListItem","position":1,"name":"Home","item":"https:\/\/tekorycnc.com\/"},{"@type":"ListItem","position":2,"name":"Shop","item":"https:\/\/tekorycnc.com\/shop\/"},{"@type":"ListItem","position":3,"name":"YONGLI A8s-150W CO2 Laser tube"}]},{"@type":"WebSite","@id":"https:\/\/tekorycnc.com\/#website","url":"https:\/\/tekorycnc.com\/","name":"tekorycnc","description":"tekorycnc","potentialAction":[{"@type":"SearchAction","target":{"@type":"EntryPoint","urlTemplate":"https:\/\/tekorycnc.com\/?s={search_term_string}"},"query-input":{"@type":"PropertyValueSpecification","valueRequired":true,"valueName":"search_term_string"}}],"inLanguage":"fr-CA"}]}},"_links":{"self":[{"href":"https:\/\/tekorycnc.com\/fr\/wp-json\/wp\/v2\/product\/2653","targetHints":{"allow":["GET"]}}],"collection":[{"href":"https:\/\/tekorycnc.com\/fr\/wp-json\/wp\/v2\/product"}],"about":[{"href":"https:\/\/tekorycnc.com\/fr\/wp-json\/wp\/v2\/types\/product"}],"wp:featuredmedia":[{"embeddable":true,"href":"https:\/\/tekorycnc.com\/fr\/wp-json\/wp\/v2\/media\/2603"}],"wp:attachment":[{"href":"https:\/\/tekorycnc.com\/fr\/wp-json\/wp\/v2\/media?parent=2653"}],"wp:term":[{"taxonomy":"product_cat","embeddable":true,"href":"https:\/\/tekorycnc.com\/fr\/wp-json\/wp\/v2\/product_cat?post=2653"},{"taxonomy":"product_tag","embeddable":true,"href":"https:\/\/tekorycnc.com\/fr\/wp-json\/wp\/v2\/product_tag?post=2653"}],"curies":[{"name":"wp","href":"https:\/\/api.w.org\/{rel}","templated":true}]}}