{"id":184,"date":"2013-06-07T10:53:15","date_gmt":"2013-06-07T10:53:15","guid":{"rendered":"http:\/\/demo.woothemes.com\/woocommerce\/?post_type=product&#038;p=37"},"modified":"2023-12-01T07:33:36","modified_gmt":"2023-12-01T07:33:36","slug":"reciw8","status":"publish","type":"product","link":"https:\/\/tekorycnc.com\/fr\/produit\/reciw8\/","title":{"rendered":"RECI W8-150W Tube laser CO2"},"content":{"rendered":"<h4><strong>RECI<b> Tube en verre W8 150W pour machine de gravure et de d\u00e9coupe laser CO2<\/b><\/strong><\/h4>\n<p>Les tubes laser CO2 en verre de la s\u00e9rie RECI W ont une puissance laser tr\u00e8s stable, id\u00e9ale pour les applications de marquage et de d\u00e9coupe au laser CO2.<\/p>\n<table border=\"1\">\n<tbody>\n<tr>\n<th><strong>Dur\u00e9e de vie<\/strong><\/th>\n<th>Le tube laser W8 a une dur\u00e9e de vie de 10 000 heures\u00a0<br style=\"font-weight: 400;\" \/>(= 4,8 ans pour les ateliers travaillant 8h\/jour et 5 jours\/semaine).<\/th>\n<\/tr>\n<tr>\n<td>\u00a0<strong>Garantie<\/strong><\/td>\n<td>\u00a012 mois<\/td>\n<\/tr>\n<tr>\n<td>\u00a0<strong>Type de refroidissement<\/strong><\/td>\n<td>\u00a0Water cooling ( Suggested chiller:\u00a0S&amp;A CW5200; Please use purified \/distilled\u00a0water)<\/td>\n<\/tr>\n<tr>\n<td>\u00a0<strong>Environnement de travail<\/strong><\/td>\n<td>\u00a0temp\u00e9rature 2-40\u2103 ; humidit\u00e9 10-60%<\/td>\n<\/tr>\n<tr>\n<td>\u00a0<strong>Courant de travail<\/strong><\/td>\n<td>\u00a0Maximum 32mA.<br \/>\nLe courant de fonctionnement doit \u00eatre maintenu en dessous de 30mA. Il est conseill\u00e9 de le maintenir en dessous de 28mA.<\/td>\n<\/tr>\n<\/tbody>\n<\/table>\n<p><img loading=\"lazy\" decoding=\"async\" src=\"https:\/\/tekorycnc.com\/wp-content\/uploads\/2013\/06\/RECIW8.jpg\" alt=\"\" width=\"780\" height=\"321\" \/><br \/>\n<img loading=\"lazy\" decoding=\"async\" src=\"https:\/\/tekorycnc.com\/wp-content\/uploads\/2013\/06\/CO2Lasertube2.gif\" alt=\"\" width=\"700\" height=\"751\" \/><br \/>\n<img loading=\"lazy\" decoding=\"async\" src=\"https:\/\/tekorycnc.com\/wp-content\/uploads\/2013\/06\/CO2Lasertubefull.gif\" alt=\"\" width=\"700\" height=\"1327\" \/><br \/>\n<a>Notes<\/a><\/p>\n<p>Ne nettoyez pas la surface ext\u00e9rieure du miroir de la veuve de sortie avec des outils tels qu'un tampon, sinon la puissance de sortie sera s\u00e9rieusement affect\u00e9e. Les m\u00e9thodes suivantes permettent d'\u00e9liminer la pollution de la surface ext\u00e9rieure du miroir de la fen\u00eatre.<\/p>\n<p>1) Lorsque le miroir est pollu\u00e9, n'allumez pas le laser.<br \/>\n2) Souffler la surface du miroir lat\u00e9ralement \u00e0 l'aide d'un souffleur d'air.<br \/>\n3) Vaporiser l'alcool pur sur la surface du miroir \u00e0 l'aide d'un pulv\u00e9risateur.<br \/>\n4) Allumer le laser une fois que l'alcool s'est enti\u00e8rement volatilis\u00e9.<br \/>\n5) If the methods above don\u2019t work effectively, it is necessary to go after the professional workers to use tampon with alcohol to clean the mirror surface from middle to edge. The best solution is to prevent the window from being polluted.<strong> \u00a0<\/strong><\/p>\n<p><a>Attention<\/a><\/p>\n<p>Il est interdit de nettoyer le miroir avec de l'ac\u00e9tone.<br \/>\nLa vis situ\u00e9e \u00e0 l'avant et \u00e0 l'arri\u00e8re du tube laser ne doit pas \u00eatre d\u00e9plac\u00e9e, sous peine de r\u00e9duire la puissance de sortie, voire de mettre le laser au rebut.<br \/>\nPlacez l'acrylique \u00e0 300 mm du miroir de sortie lorsque vous testez le spot laser.<\/p>\n<p><a>S\u00e9curit\u00e9<\/a><\/p>\n<p>Le faisceau laser est une lumi\u00e8re invisible. Veuillez porter des lunettes de protection lorsque vous d\u00e9boguez le laser. Le p\u00f4le positif est sous haute tension. Faites attention aux marques de s\u00e9curit\u00e9 !<\/p>\n<p><a>Exigences en mati\u00e8re de stockage et de transport<\/a><\/p>\n<p>Verser le liquide de refroidissement en cas de stockage et de transport, et couvrir la borne de sortie avec un sac en plastique anti-poussi\u00e8re. L'environnement de stockage est de 2-40\u2103, l'humidit\u00e9 est de 10-60%. Emballez le tube laser dans son emballage d'origine.<\/p>\n<p><a>Les tubes fonctionnant de mani\u00e8re incorrecte ne sont pas couverts par la garantie.<\/a><br \/>\n<img loading=\"lazy\" decoding=\"async\" src=\"https:\/\/tekorycnc.com\/wp-content\/uploads\/2019\/12\/quality-guarrantee.gif\" alt=\"\" width=\"729\" height=\"76\" \/><\/p>","protected":false},"excerpt":{"rendered":"<p>Longueur=1850mm ; Diam\u00e8tre=90mm<\/p>","protected":false},"featured_media":2462,"template":"","meta":[],"product_cat":[49],"product_tag":[],"class_list":{"0":"post-184","1":"product","2":"type-product","3":"status-publish","4":"has-post-thumbnail","6":"product_cat-reci","8":"first","9":"instock","10":"shipping-taxable","11":"purchasable","12":"product-type-simple"},"yoast_head":"<!-- This site is optimized with the Yoast SEO plugin v23.9 - https:\/\/yoast.com\/wordpress\/plugins\/seo\/ -->\n<title>RECI W8-150W CO2 Laser tube - tekorycnc<\/title>\n<meta name=\"robots\" content=\"index, follow, max-snippet:-1, max-image-preview:large, max-video-preview:-1\" \/>\n<link rel=\"canonical\" href=\"https:\/\/tekorycnc.com\/fr\/produit\/reciw8\/\" \/>\n<meta property=\"og:locale\" content=\"fr_CA\" \/>\n<meta property=\"og:type\" content=\"article\" \/>\n<meta property=\"og:title\" content=\"RECI W8-150W CO2 Laser tube - tekorycnc\" \/>\n<meta property=\"og:description\" content=\"Length=1850mm; Diameter=90mm\" \/>\n<meta property=\"og:url\" content=\"https:\/\/tekorycnc.com\/fr\/produit\/reciw8\/\" \/>\n<meta property=\"og:site_name\" content=\"tekorycnc\" \/>\n<meta property=\"article:modified_time\" content=\"2023-12-01T07:33:36+00:00\" \/>\n<meta property=\"og:image\" content=\"https:\/\/tekorycnc.com\/wp-content\/uploads\/2013\/06\/CO2Lasertubereciw8.jpg\" \/>\n\t<meta property=\"og:image:width\" content=\"400\" \/>\n\t<meta property=\"og:image:height\" content=\"400\" \/>\n\t<meta property=\"og:image:type\" content=\"image\/jpeg\" \/>\n<meta name=\"twitter:card\" content=\"summary_large_image\" \/>\n<meta name=\"twitter:label1\" content=\"Estimation du temps de lecture\" \/>\n\t<meta name=\"twitter:data1\" content=\"3 minutes\" \/>\n<script type=\"application\/ld+json\" class=\"yoast-schema-graph\">{\"@context\":\"https:\/\/schema.org\",\"@graph\":[{\"@type\":\"WebPage\",\"@id\":\"https:\/\/tekorycnc.com\/product\/reciw8\/\",\"url\":\"https:\/\/tekorycnc.com\/product\/reciw8\/\",\"name\":\"RECI W8-150W CO2 Laser tube - tekorycnc\",\"isPartOf\":{\"@id\":\"https:\/\/tekorycnc.com\/#website\"},\"primaryImageOfPage\":{\"@id\":\"https:\/\/tekorycnc.com\/product\/reciw8\/#primaryimage\"},\"image\":{\"@id\":\"https:\/\/tekorycnc.com\/product\/reciw8\/#primaryimage\"},\"thumbnailUrl\":\"https:\/\/tekorycnc.com\/wp-content\/uploads\/2013\/06\/CO2Lasertubereciw8.jpg\",\"datePublished\":\"2013-06-07T10:53:15+00:00\",\"dateModified\":\"2023-12-01T07:33:36+00:00\",\"breadcrumb\":{\"@id\":\"https:\/\/tekorycnc.com\/product\/reciw8\/#breadcrumb\"},\"inLanguage\":\"fr-CA\",\"potentialAction\":[{\"@type\":\"ReadAction\",\"target\":[\"https:\/\/tekorycnc.com\/product\/reciw8\/\"]}]},{\"@type\":\"ImageObject\",\"inLanguage\":\"fr-CA\",\"@id\":\"https:\/\/tekorycnc.com\/product\/reciw8\/#primaryimage\",\"url\":\"https:\/\/tekorycnc.com\/wp-content\/uploads\/2013\/06\/CO2Lasertubereciw8.jpg\",\"contentUrl\":\"https:\/\/tekorycnc.com\/wp-content\/uploads\/2013\/06\/CO2Lasertubereciw8.jpg\",\"width\":400,\"height\":400},{\"@type\":\"BreadcrumbList\",\"@id\":\"https:\/\/tekorycnc.com\/product\/reciw8\/#breadcrumb\",\"itemListElement\":[{\"@type\":\"ListItem\",\"position\":1,\"name\":\"Home\",\"item\":\"https:\/\/tekorycnc.com\/\"},{\"@type\":\"ListItem\",\"position\":2,\"name\":\"Shop\",\"item\":\"https:\/\/tekorycnc.com\/shop\/\"},{\"@type\":\"ListItem\",\"position\":3,\"name\":\"RECI W8-150W CO2 Laser tube\"}]},{\"@type\":\"WebSite\",\"@id\":\"https:\/\/tekorycnc.com\/#website\",\"url\":\"https:\/\/tekorycnc.com\/\",\"name\":\"tekorycnc\",\"description\":\"tekorycnc\",\"potentialAction\":[{\"@type\":\"SearchAction\",\"target\":{\"@type\":\"EntryPoint\",\"urlTemplate\":\"https:\/\/tekorycnc.com\/?s={search_term_string}\"},\"query-input\":{\"@type\":\"PropertyValueSpecification\",\"valueRequired\":true,\"valueName\":\"search_term_string\"}}],\"inLanguage\":\"fr-CA\"}]}<\/script>\n<!-- \/ Yoast SEO plugin. -->","yoast_head_json":{"title":"RECI W8-150W CO2 Laser tube - tekorycnc","robots":{"index":"index","follow":"follow","max-snippet":"max-snippet:-1","max-image-preview":"max-image-preview:large","max-video-preview":"max-video-preview:-1"},"canonical":"https:\/\/tekorycnc.com\/fr\/produit\/reciw8\/","og_locale":"fr_CA","og_type":"article","og_title":"RECI W8-150W CO2 Laser tube - tekorycnc","og_description":"Length=1850mm; Diameter=90mm","og_url":"https:\/\/tekorycnc.com\/fr\/produit\/reciw8\/","og_site_name":"tekorycnc","article_modified_time":"2023-12-01T07:33:36+00:00","og_image":[{"width":400,"height":400,"url":"https:\/\/tekorycnc.com\/wp-content\/uploads\/2013\/06\/CO2Lasertubereciw8.jpg","type":"image\/jpeg"}],"twitter_card":"summary_large_image","twitter_misc":{"Estimation du temps de lecture":"3 minutes"},"schema":{"@context":"https:\/\/schema.org","@graph":[{"@type":"WebPage","@id":"https:\/\/tekorycnc.com\/product\/reciw8\/","url":"https:\/\/tekorycnc.com\/product\/reciw8\/","name":"RECI W8-150W CO2 Laser tube - tekorycnc","isPartOf":{"@id":"https:\/\/tekorycnc.com\/#website"},"primaryImageOfPage":{"@id":"https:\/\/tekorycnc.com\/product\/reciw8\/#primaryimage"},"image":{"@id":"https:\/\/tekorycnc.com\/product\/reciw8\/#primaryimage"},"thumbnailUrl":"https:\/\/tekorycnc.com\/wp-content\/uploads\/2013\/06\/CO2Lasertubereciw8.jpg","datePublished":"2013-06-07T10:53:15+00:00","dateModified":"2023-12-01T07:33:36+00:00","breadcrumb":{"@id":"https:\/\/tekorycnc.com\/product\/reciw8\/#breadcrumb"},"inLanguage":"fr-CA","potentialAction":[{"@type":"ReadAction","target":["https:\/\/tekorycnc.com\/product\/reciw8\/"]}]},{"@type":"ImageObject","inLanguage":"fr-CA","@id":"https:\/\/tekorycnc.com\/product\/reciw8\/#primaryimage","url":"https:\/\/tekorycnc.com\/wp-content\/uploads\/2013\/06\/CO2Lasertubereciw8.jpg","contentUrl":"https:\/\/tekorycnc.com\/wp-content\/uploads\/2013\/06\/CO2Lasertubereciw8.jpg","width":400,"height":400},{"@type":"BreadcrumbList","@id":"https:\/\/tekorycnc.com\/product\/reciw8\/#breadcrumb","itemListElement":[{"@type":"ListItem","position":1,"name":"Home","item":"https:\/\/tekorycnc.com\/"},{"@type":"ListItem","position":2,"name":"Shop","item":"https:\/\/tekorycnc.com\/shop\/"},{"@type":"ListItem","position":3,"name":"RECI W8-150W CO2 Laser tube"}]},{"@type":"WebSite","@id":"https:\/\/tekorycnc.com\/#website","url":"https:\/\/tekorycnc.com\/","name":"tekorycnc","description":"tekorycnc","potentialAction":[{"@type":"SearchAction","target":{"@type":"EntryPoint","urlTemplate":"https:\/\/tekorycnc.com\/?s={search_term_string}"},"query-input":{"@type":"PropertyValueSpecification","valueRequired":true,"valueName":"search_term_string"}}],"inLanguage":"fr-CA"}]}},"_links":{"self":[{"href":"https:\/\/tekorycnc.com\/fr\/wp-json\/wp\/v2\/product\/184","targetHints":{"allow":["GET"]}}],"collection":[{"href":"https:\/\/tekorycnc.com\/fr\/wp-json\/wp\/v2\/product"}],"about":[{"href":"https:\/\/tekorycnc.com\/fr\/wp-json\/wp\/v2\/types\/product"}],"wp:featuredmedia":[{"embeddable":true,"href":"https:\/\/tekorycnc.com\/fr\/wp-json\/wp\/v2\/media\/2462"}],"wp:attachment":[{"href":"https:\/\/tekorycnc.com\/fr\/wp-json\/wp\/v2\/media?parent=184"}],"wp:term":[{"taxonomy":"product_cat","embeddable":true,"href":"https:\/\/tekorycnc.com\/fr\/wp-json\/wp\/v2\/product_cat?post=184"},{"taxonomy":"product_tag","embeddable":true,"href":"https:\/\/tekorycnc.com\/fr\/wp-json\/wp\/v2\/product_tag?post=184"}],"curies":[{"name":"wp","href":"https:\/\/api.w.org\/{rel}","templated":true}]}}