{"id":627,"date":"2019-12-28T11:40:00","date_gmt":"2019-12-28T11:40:00","guid":{"rendered":"https:\/\/tekorycnc.com\/?page_id=627"},"modified":"2023-10-13T05:54:41","modified_gmt":"2023-10-13T05:54:41","slug":"about-us","status":"publish","type":"page","link":"https:\/\/tekorycnc.com\/et\/meist\/","title":{"rendered":"Meie kohta"},"content":{"rendered":"<section class=\"section\" id=\"section_1628298156\">\n\t\t<div class=\"bg section-bg fill bg-fill\" >\n\n\t\t\t\n\t\t\t\n\t\t\t\n\n\t\t<\/div>\n\n\t\t\n\n\t\t<div class=\"section-content relative\">\n\t\t\t\n\n\t<div id=\"gap-342038608\" class=\"gap-element clearfix\" style=\"display:block; height:auto;\">\n\t\t\n<style>\n#gap-342038608 {\n  padding-top: 30px;\n}\n<\/style>\n\t<\/div>\n\t\n\n\n\t\t<\/div>\n\n\t\t\n<style>\n#section_1628298156 {\n  padding-top: 30px;\n  padding-bottom: 30px;\n  min-height: 400px;\n}\n#section_1628298156 .section-bg.bg-loaded {\n  background-image: url(https:\/\/tekorycnc.com\/wp-content\/uploads\/2023\/08\/laserpart.png);\n}\n<\/style>\n\t<\/section>\n\t\n\t<section class=\"section\" id=\"section_830640562\">\n\t\t<div class=\"bg section-bg fill bg-fill  bg-loaded\" >\n\n\t\t\t\n\t\t\t\n\t\t\t\n\n\t\t<\/div>\n\n\t\t\n\n\t\t<div class=\"section-content relative\">\n\t\t\t\n\n<div class=\"row\"  id=\"row-811166352\">\n\n\n\t<div id=\"col-456631022\" class=\"col medium-8 small-12 large-8\"  >\n\t\t\t\t<div class=\"col-inner dark\" style=\"background-color:#273647;\" >\n\t\t\t\n\t\t\t\n\n<h3 class=\"text-spacing h2\">T\u00f6\u00f6aeg:<\/h3>\n<div class=\"rte-setting text-spacing\">\n<p>Esmasp\u00e4evast laup\u00e4evani: 9.00 - 18.00<br \/>P\u00fchap\u00e4eviti: 10:00 - 18:00<\/p>\n<\/div>\n\t<div id=\"gap-1275338703\" class=\"gap-element clearfix\" style=\"display:block; height:auto;\">\n\t\t\n<style>\n#gap-1275338703 {\n  padding-top: 10px;\n}\n<\/style>\n\t<\/div>\n\t\n\n<a rel=\"#story\" href=\"https:\/\/web.whatsapp.com\/send?phone=8618396805539&#038;text=Hello!%20the%20material%20and%20thickness%20I%20want%20to%20cut%20is%EF%BC%9A\" target=\"_self\" class=\"button success lowercase\"  >\n    <span>Hangi uusim hinnapakkumine<\/span>\n  <i class=\"icon-angle-down\" aria-hidden=\"true\" ><\/i><\/a>\n\n\n\n\t\t<\/div>\n\t\t\t\t\n<style>\n#col-456631022 > .col-inner {\n  margin: -100px 0px 0px 0px;\n}\n<\/style>\n\t<\/div>\n\n\t\n\n\n<style>\n#row-811166352 > .col > .col-inner {\n  padding: 60px 60px 40px 60px;\n}\n<\/style>\n<\/div>\n\n\t\t<\/div>\n\n\t\t\n<style>\n#section_830640562 {\n  padding-top: 0px;\n  padding-bottom: 0px;\n}\n<\/style>\n\t<\/section>\n\t\n<div class=\"row align-middle\"  id=\"row-1087119929\">\n\n\n\t<div id=\"col-657961338\" class=\"col medium-6 small-12 large-6\"  >\n\t\t\t\t<div class=\"col-inner\"  >\n\t\t\t\n\t\t\t\n\n\t<section class=\"section has-hover\" id=\"section_3677543\">\n\t\t<div class=\"bg section-bg fill bg-fill  bg-loaded\" >\n\n\t\t\t\n\t\t\t\n\t\t\t\n\t<div class=\"is-border hover-bounce\"\n\t\tstyle=\"border-color:rgb(111, 166, 212);border-width:0px 0px 0px 40px;\">\n\t<\/div>\n\n\t\t<\/div>\n\n\t\t\n\n\t\t<div class=\"section-content relative\">\n\t\t\t\n\n<div class=\"row row-collapse\"  id=\"row-1646240847\">\n\n\n\t<div id=\"col-1436917852\" class=\"col small-12 large-12\"  >\n\t\t\t\t<div class=\"col-inner\"  >\n\t\t\t\n\t\t\t\n\n\n  <div class=\"banner has-hover\" id=\"banner-992232570\">\n          <div class=\"banner-inner fill\">\n        <div class=\"banner-bg fill\" >\n            <div class=\"bg fill bg-fill\"><\/div>\n                                    \n                    <\/div>\n\t\t\n        <div class=\"banner-layers container\">\n            <div class=\"fill banner-link\"><\/div>            \n\n   <div id=\"text-box-332227098\" class=\"text-box banner-layer x50 md-x50 lg-x50 y50 md-y50 lg-y50 res-text\">\n                                <div class=\"text-box-content text dark\">\n              \n              <div class=\"text-inner text-center\">\n                  \n\n\n              <\/div>\n           <\/div>\n                            \n<style>\n#text-box-332227098 {\n  width: 60%;\n}\n#text-box-332227098 .text-box-content {\n  font-size: 100%;\n}\n<\/style>\n    <\/div>\n \n\n        <\/div>\n      <\/div>\n\n            \n<style>\n#banner-992232570 {\n  padding-top: 70%;\n}\n#banner-992232570 .bg.bg-loaded {\n  background-image: url(https:\/\/tekorycnc.com\/wp-content\/uploads\/2023\/10\/tekorycncwork.png);\n}\n<\/style>\n  <\/div>\n\n\n\n\t\t<\/div>\n\t\t\t\t\n<style>\n#col-1436917852 > .col-inner {\n  margin: 0px 0px 0px -15px;\n}\n<\/style>\n\t<\/div>\n\n\t\n\n<\/div>\n\n\t\t<\/div>\n\n\t\t\n<style>\n#section_3677543 {\n  padding-top: 30px;\n  padding-bottom: 30px;\n}\n<\/style>\n\t<\/section>\n\t\n\n\t\t<\/div>\n\t\t\t\t\t<\/div>\n\n\t\n\n\t<div id=\"col-900000143\" class=\"col medium-6 small-12 large-6\"  >\n\t\t\t\t<div class=\"col-inner\"  >\n\t\t\t\n\t\t\t\n\n<p><strong><b>Kes me oleme?<\/b><\/strong><\/p>\n<p>Tekorycnc v\u00f5ib pakkuda teile kiudlaserm\u00e4rgistusmasinat, ehteid graveerivat l\u00f5ikamismasinat, CO2-lasergraveerimis- ja l\u00f5ikamismasinat, kiudlaserl\u00f5ikamismasinat, laserkeevitusmasinat, laserpuhastusmasinat ja CNC-marsruuterit.<\/p>\n<p>Peale standardmudelite on saadaval ka palju mittestandardseid kohandatud mudeleid, mis vastavad erinevatele vajadustele.<\/p>\n\n\t\t<\/div>\n\t\t\t\t\t<\/div>\n\n\t\n\n\n<style>\n#row-1087119929 > .col > .col-inner {\n  padding: 0px 0px 0px 0px;\n}\n@media (min-width:550px) {\n  #row-1087119929 > .col > .col-inner {\n    padding: 60px 0px 60px 0px;\n  }\n}\n<\/style>\n<\/div>\n\t<section class=\"section\" id=\"section_4530452\">\n\t\t<div class=\"bg section-bg fill bg-fill\" >\n\n\t\t\t\n\t\t\t\n\t\t\t\n\n\t\t<\/div>\n\n\t\t\n\n\t\t<div class=\"section-content relative\">\n\t\t\t\n\n\t<div id=\"gap-390490411\" class=\"gap-element clearfix\" style=\"display:block; height:auto;\">\n\t\t\n<style>\n#gap-390490411 {\n  padding-top: 30px;\n}\n<\/style>\n\t<\/div>\n\t\n\n\n\t\t<\/div>\n\n\t\t\n<style>\n#section_4530452 {\n  padding-top: 30px;\n  padding-bottom: 30px;\n  min-height: 400px;\n}\n#section_4530452 .section-bg.bg-loaded {\n  background-image: url(https:\/\/tekorycnc.com\/wp-content\/uploads\/2023\/10\/tekorycncn.png);\n}\n#section_4530452 .section-bg {\n  background-position: 66% 31%;\n}\n<\/style>\n\t<\/section>\n\t\n\t<section class=\"section\" id=\"section_1022895441\">\n\t\t<div class=\"bg section-bg fill bg-fill  bg-loaded\" >\n\n\t\t\t\n\t\t\t\n\t\t\t\n\n\t\t<\/div>\n\n\t\t\n\n\t\t<div class=\"section-content relative\">\n\t\t\t\n\n<div class=\"row align-right\"  id=\"row-552467623\">\n\n\n\t<div id=\"col-1628600277\" class=\"col medium-8 small-12 large-8\"  >\n\t\t\t\t<div class=\"col-inner dark\" style=\"background-color:#273647;\" >\n\t\t\t\n\t\t\t\n\n<div class=\"container section-title-container\" ><h3 class=\"section-title section-title-normal\"><b><\/b><span class=\"section-title-main\" style=\"font-size:60%;\">Professionaalne tehas, k\u00f5rge kvaliteet<\/span><b><\/b><\/h3><\/div>\n\n<p>Tekorycncil on v\u00e4ga tugevad uurimisv\u00f5imed, kes p\u00f6\u00f6rab suurt t\u00e4helepanu lasertehnoloogia uurimis- ja arendustegevusele, eesm\u00e4rgiga saada Hiina riikliku laserit\u00f6\u00f6stuse liidriks ja pakkuda k\u00f5igile klientidele optimaalset laserlahendust.<\/p>\n\t<div id=\"gap-343918341\" class=\"gap-element clearfix\" style=\"display:block; height:auto;\">\n\t\t\n<style>\n#gap-343918341 {\n  padding-top: 10px;\n}\n<\/style>\n\t<\/div>\n\t\n\n<a href=\"https:\/\/web.whatsapp.com\/send?phone=8618396805539&#038;text=Hello!%20the%20material%20and%20thickness%20I%20want%20to%20cut%20is%EF%BC%9A\" target=\"_self\" class=\"button primary lowercase\"  >\n    <span>Osta online<\/span>\n  <\/a>\n\n\n\n\t\t<\/div>\n\t\t\t\t\n<style>\n#col-1628600277 > .col-inner {\n  margin: -100px 0px 0px 0px;\n}\n<\/style>\n\t<\/div>\n\n\t\n\n\n<style>\n#row-552467623 > .col > .col-inner {\n  padding: 60px 60px 40px 60px;\n}\n<\/style>\n<\/div>\n\n\t\t<\/div>\n\n\t\t\n<style>\n#section_1022895441 {\n  padding-top: 0px;\n  padding-bottom: 0px;\n}\n<\/style>\n\t<\/section>\n\t\n<div class=\"row align-middle\"  id=\"row-730287436\">\n\n\n\t<div id=\"col-904531998\" class=\"col medium-6 small-12 large-6\"  >\n\t\t\t\t<div class=\"col-inner\"  >\n\t\t\t\n\t\t\t\n\n<h2>Meie eesm\u00e4rk<\/h2>\n<p>Anda asjakohaseid juhiseid ja t\u00e4ielikku teavet masinate kohta vastavalt klientide arenguvajadustele.<\/p>\n<p>Koostada lahenduste v\u00e4ljat\u00f6\u00f6tamise kava, mis p\u00f5hineb teostatavusel ja t\u00f6\u00f6stuse arenguvajadustel piirkonnas.<\/p>\n\n\t\t<\/div>\n\t\t\t\t\t<\/div>\n\n\t\n\n\t<div id=\"col-636816984\" class=\"col medium-6 small-12 large-6 small-col-first\"  >\n\t\t\t\t<div class=\"col-inner\"  >\n\t\t\t\n\t\t\t\n\n\t<section class=\"section has-hover\" id=\"section_2038777240\">\n\t\t<div class=\"bg section-bg fill bg-fill  bg-loaded\" >\n\n\t\t\t\n\t\t\t\n\t\t\t\n\t<div class=\"is-border hover-bounce\"\n\t\tstyle=\"border-color:rgb(74, 193, 147);border-width:0px 0px 0px 40px;\">\n\t<\/div>\n\n\t\t<\/div>\n\n\t\t\n\n\t\t<div class=\"section-content relative\">\n\t\t\t\n\n<div class=\"row row-collapse\"  id=\"row-557956446\">\n\n\n\t<div id=\"col-821173823\" class=\"col small-12 large-12\"  >\n\t\t\t\t<div class=\"col-inner\"  >\n\t\t\t\n\t\t\t\n\n\n  <div class=\"banner has-hover\" id=\"banner-506531923\">\n          <div class=\"banner-inner fill\">\n        <div class=\"banner-bg fill\" >\n            <div class=\"bg fill bg-fill\"><\/div>\n                                    \n                    <\/div>\n\t\t\n        <div class=\"banner-layers container\">\n            <div class=\"fill banner-link\"><\/div>            \n\n   <div id=\"text-box-1600102607\" class=\"text-box banner-layer x50 md-x50 lg-x50 y50 md-y50 lg-y50 res-text\">\n                                <div class=\"text-box-content text dark\">\n              \n              <div class=\"text-inner text-center\">\n                  \n\n\n              <\/div>\n           <\/div>\n                            \n<style>\n#text-box-1600102607 {\n  width: 60%;\n}\n#text-box-1600102607 .text-box-content {\n  font-size: 100%;\n}\n<\/style>\n    <\/div>\n \n\n        <\/div>\n      <\/div>\n\n            \n<style>\n#banner-506531923 {\n  padding-top: 70%;\n}\n#banner-506531923 .bg.bg-loaded {\n  background-image: url(https:\/\/tekorycnc.com\/wp-content\/uploads\/2023\/10\/images-1.webp);\n}\n<\/style>\n  <\/div>\n\n\n\n\t\t<\/div>\n\t\t\t\t\n<style>\n#col-821173823 > .col-inner {\n  margin: 0px 0px 0px -15px;\n}\n<\/style>\n\t<\/div>\n\n\t\n\n<\/div>\n\n\t\t<\/div>\n\n\t\t\n<style>\n#section_2038777240 {\n  padding-top: 30px;\n  padding-bottom: 30px;\n}\n<\/style>\n\t<\/section>\n\t\n\n\t\t<\/div>\n\t\t\t\t\t<\/div>\n\n\t\n\n\n<style>\n#row-730287436 > .col > .col-inner {\n  padding: 0px 0px 0px 0px;\n}\n@media (min-width:550px) {\n  #row-730287436 > .col > .col-inner {\n    padding: 60px 0px 60px 0px;\n  }\n}\n<\/style>\n<\/div>\n\t<section class=\"section dark\" id=\"section_89392613\">\n\t\t<div class=\"bg section-bg fill bg-fill\" >\n\n\t\t\t\n\t\t\t<div class=\"section-bg-overlay absolute fill\"><\/div>\n\t\t\t\n\n\t\t<\/div>\n\n\t\t\n\n\t\t<div class=\"section-content relative\">\n\t\t\t\n\n<div class=\"slider-wrapper relative\" id=\"slider-197496501\" >\n    <div class=\"slider slider-nav-dots-simple slider-nav-circle slider-nav-large slider-nav-light slider-nav-outside slider-style-container slider-show-nav\"\n        data-flickity-options='{            \"cellAlign\": \"center\",            \"imagesLoaded\": true,            \"lazyLoad\": 1,            \"freeScroll\": false,            \"wrapAround\": true,            \"autoPlay\": 6000,            \"pauseAutoPlayOnHover\" : true,            \"prevNextButtons\": false,            \"contain\" : true,            \"adaptiveHeight\" : true,            \"dragThreshold\" : 10,            \"percentPosition\": true,            \"pageDots\": true,            \"rightToLeft\": false,            \"draggable\": true,            \"selectedAttraction\": 0.1,            \"parallax\" : 0,            \"friction\": 0.6        }'\n        >\n        \n\n<div class=\"row row-collapse align-center\"  id=\"row-334154347\">\n\n\n\t<div id=\"col-193732000\" class=\"col small-12 large-12\"  >\n\t\t\t\t<div class=\"col-inner text-center\"  >\n\t\t\t\n\t\t\t\n\n<div class=\"container section-title-container\" style=\"margin-bottom:10px;\"><h2 class=\"section-title section-title-center\"><b><\/b><span class=\"section-title-main\" style=\"font-size:130%;\">2023<\/span><b><\/b><\/h2><\/div>\n\n<div class=\"row row-collapse\"  id=\"row-605331408\">\n\n\n\t<div id=\"col-1766248949\" class=\"col medium-8 small-10 large-8\"  >\n\t\t\t\t<div class=\"col-inner\"  >\n\t\t\t\n\t\t\t\n\n<p>Tekorycnc on olnud laserit\u00f6\u00f6stuse juhtiv tootja pideva reformi ja innovatsiooni abil, nagu n\u00e4iteks arenenud tehnoloogia kasutuselev\u00f5tt v\u00e4lismaal, oma teadus- ja arendustegevuse meeskonna arendamine ja meie tehnoloogia eksportimine v\u00e4lismaale.<\/p>\n\n\t\t<\/div>\n\t\t\t\t\t<\/div>\n\n\t\n\n<\/div>\n\n\t\t<\/div>\n\t\t\t\t\n<style>\n#col-193732000 > .col-inner {\n  margin: 0px 0px 30px 0px;\n}\n<\/style>\n\t<\/div>\n\n\t\n\n<\/div>\n<div class=\"row row-collapse align-center\"  id=\"row-1572507115\">\n\n\n\t<div id=\"col-702175384\" class=\"col small-12 large-12\"  >\n\t\t\t\t<div class=\"col-inner text-center\"  >\n\t\t\t\n\t\t\t\n\n<div class=\"container section-title-container\" style=\"margin-bottom:10px;\"><h2 class=\"section-title section-title-center\"><b><\/b><span class=\"section-title-main\" style=\"font-size:130%;\">2023<\/span><b><\/b><\/h2><\/div>\n\n<div class=\"row row-collapse\"  id=\"row-1291167335\">\n\n\n\t<div id=\"col-875579232\" class=\"col medium-8 small-10 large-8\"  >\n\t\t\t\t<div class=\"col-inner\"  >\n\t\t\t\n\t\t\t\n\n<p>Tooted m\u00fc\u00fcakse USAsse, Kanadasse, Austraaliasse, Euroopasse, Kagu-Aasiasse, Aafrikasse jne,\u00a0<br \/>rohkem kui 100 riiki ja piirkonda ning pakub OEM-teenust rohkem kui 30 tootjale.<\/p>\n\n\t\t<\/div>\n\t\t\t\t\t<\/div>\n\n\t\n\n<\/div>\n\n\t\t<\/div>\n\t\t\t\t\n<style>\n#col-702175384 > .col-inner {\n  margin: 0px 0px 30px 0px;\n}\n<\/style>\n\t<\/div>\n\n\t\n\n<\/div>\n\n     <\/div>\n\n     <div class=\"loading-spin dark large centered\"><\/div>\n\n\t\n<style>\n#slider-197496501 .flickity-slider > * {\n  max-width: 80%!important;\n}\n<\/style>\n<\/div>\n\n\n\n\t\t<\/div>\n\n\t\t\n<style>\n#section_89392613 {\n  padding-top: 80px;\n  padding-bottom: 80px;\n}\n#section_89392613 .section-bg-overlay {\n  background-color: rgba(39, 54, 71, 0.85);\n}\n#section_89392613 .section-bg.bg-loaded {\n  background-image: url(https:\/\/tekorycnc.com\/wp-content\/uploads\/2023\/10\/boxed-water-is-better-6aEjZbs53K0-unsplash-edited.jpg);\n}\n<\/style>\n\t<\/section>","protected":false},"excerpt":{"rendered":"","protected":false},"author":1,"featured_media":0,"parent":0,"menu_order":0,"comment_status":"closed","ping_status":"closed","template":"page-blank.php","meta":{"footnotes":""},"class_list":["post-627","page","type-page","status-publish","hentry"],"yoast_head":"<!-- This site is optimized with the Yoast SEO plugin v23.9 - https:\/\/yoast.com\/wordpress\/plugins\/seo\/ -->\n<title>About Us - tekorycnc<\/title>\n<meta name=\"robots\" content=\"index, follow, max-snippet:-1, max-image-preview:large, max-video-preview:-1\" \/>\n<link rel=\"canonical\" href=\"https:\/\/tekorycnc.com\/et\/meist\/\" \/>\n<meta property=\"og:locale\" content=\"et_EE\" \/>\n<meta property=\"og:type\" content=\"article\" \/>\n<meta property=\"og:title\" content=\"About Us - tekorycnc\" \/>\n<meta property=\"og:url\" content=\"https:\/\/tekorycnc.com\/et\/meist\/\" \/>\n<meta property=\"og:site_name\" content=\"tekorycnc\" \/>\n<meta property=\"article:modified_time\" content=\"2023-10-13T05:54:41+00:00\" \/>\n<meta name=\"twitter:card\" content=\"summary_large_image\" \/>\n<meta name=\"twitter:label1\" content=\"Est. reading time\" \/>\n\t<meta name=\"twitter:data1\" content=\"3 minutit\" \/>\n<script type=\"application\/ld+json\" class=\"yoast-schema-graph\">{\"@context\":\"https:\/\/schema.org\",\"@graph\":[{\"@type\":\"WebPage\",\"@id\":\"https:\/\/tekorycnc.com\/about-us\/\",\"url\":\"https:\/\/tekorycnc.com\/about-us\/\",\"name\":\"About Us - tekorycnc\",\"isPartOf\":{\"@id\":\"https:\/\/tekorycnc.com\/#website\"},\"datePublished\":\"2019-12-28T11:40:00+00:00\",\"dateModified\":\"2023-10-13T05:54:41+00:00\",\"breadcrumb\":{\"@id\":\"https:\/\/tekorycnc.com\/about-us\/#breadcrumb\"},\"inLanguage\":\"et\",\"potentialAction\":[{\"@type\":\"ReadAction\",\"target\":[\"https:\/\/tekorycnc.com\/about-us\/\"]}]},{\"@type\":\"BreadcrumbList\",\"@id\":\"https:\/\/tekorycnc.com\/about-us\/#breadcrumb\",\"itemListElement\":[{\"@type\":\"ListItem\",\"position\":1,\"name\":\"Home\",\"item\":\"https:\/\/tekorycnc.com\/\"},{\"@type\":\"ListItem\",\"position\":2,\"name\":\"About Us\"}]},{\"@type\":\"WebSite\",\"@id\":\"https:\/\/tekorycnc.com\/#website\",\"url\":\"https:\/\/tekorycnc.com\/\",\"name\":\"tekorycnc\",\"description\":\"tekorycnc\",\"potentialAction\":[{\"@type\":\"SearchAction\",\"target\":{\"@type\":\"EntryPoint\",\"urlTemplate\":\"https:\/\/tekorycnc.com\/?s={search_term_string}\"},\"query-input\":{\"@type\":\"PropertyValueSpecification\",\"valueRequired\":true,\"valueName\":\"search_term_string\"}}],\"inLanguage\":\"et\"}]}<\/script>\n<!-- \/ Yoast SEO plugin. -->","yoast_head_json":{"title":"About Us - tekorycnc","robots":{"index":"index","follow":"follow","max-snippet":"max-snippet:-1","max-image-preview":"max-image-preview:large","max-video-preview":"max-video-preview:-1"},"canonical":"https:\/\/tekorycnc.com\/et\/meist\/","og_locale":"et_EE","og_type":"article","og_title":"About Us - tekorycnc","og_url":"https:\/\/tekorycnc.com\/et\/meist\/","og_site_name":"tekorycnc","article_modified_time":"2023-10-13T05:54:41+00:00","twitter_card":"summary_large_image","twitter_misc":{"Est. reading time":"3 minutit"},"schema":{"@context":"https:\/\/schema.org","@graph":[{"@type":"WebPage","@id":"https:\/\/tekorycnc.com\/about-us\/","url":"https:\/\/tekorycnc.com\/about-us\/","name":"About Us - tekorycnc","isPartOf":{"@id":"https:\/\/tekorycnc.com\/#website"},"datePublished":"2019-12-28T11:40:00+00:00","dateModified":"2023-10-13T05:54:41+00:00","breadcrumb":{"@id":"https:\/\/tekorycnc.com\/about-us\/#breadcrumb"},"inLanguage":"et","potentialAction":[{"@type":"ReadAction","target":["https:\/\/tekorycnc.com\/about-us\/"]}]},{"@type":"BreadcrumbList","@id":"https:\/\/tekorycnc.com\/about-us\/#breadcrumb","itemListElement":[{"@type":"ListItem","position":1,"name":"Home","item":"https:\/\/tekorycnc.com\/"},{"@type":"ListItem","position":2,"name":"About Us"}]},{"@type":"WebSite","@id":"https:\/\/tekorycnc.com\/#website","url":"https:\/\/tekorycnc.com\/","name":"tekorycnc","description":"tekorycnc","potentialAction":[{"@type":"SearchAction","target":{"@type":"EntryPoint","urlTemplate":"https:\/\/tekorycnc.com\/?s={search_term_string}"},"query-input":{"@type":"PropertyValueSpecification","valueRequired":true,"valueName":"search_term_string"}}],"inLanguage":"et"}]}},"_links":{"self":[{"href":"https:\/\/tekorycnc.com\/et\/wp-json\/wp\/v2\/pages\/627","targetHints":{"allow":["GET"]}}],"collection":[{"href":"https:\/\/tekorycnc.com\/et\/wp-json\/wp\/v2\/pages"}],"about":[{"href":"https:\/\/tekorycnc.com\/et\/wp-json\/wp\/v2\/types\/page"}],"author":[{"embeddable":true,"href":"https:\/\/tekorycnc.com\/et\/wp-json\/wp\/v2\/users\/1"}],"replies":[{"embeddable":true,"href":"https:\/\/tekorycnc.com\/et\/wp-json\/wp\/v2\/comments?post=627"}],"version-history":[{"count":22,"href":"https:\/\/tekorycnc.com\/et\/wp-json\/wp\/v2\/pages\/627\/revisions"}],"predecessor-version":[{"id":4807,"href":"https:\/\/tekorycnc.com\/et\/wp-json\/wp\/v2\/pages\/627\/revisions\/4807"}],"wp:attachment":[{"href":"https:\/\/tekorycnc.com\/et\/wp-json\/wp\/v2\/media?parent=627"}],"curies":[{"name":"wp","href":"https:\/\/api.w.org\/{rel}","templated":true}]}}